{"id":1052,"date":"2019-02-11T21:18:31","date_gmt":"2019-02-12T01:18:31","guid":{"rendered":"http:\/\/gobiernoparroquiallaunion.gob.ec\/azuay\/?page_id=1052"},"modified":"2020-10-29T16:54:54","modified_gmt":"2020-10-29T20:54:54","slug":"rendicion-de-cuentas-2019","status":"publish","type":"page","link":"https:\/\/gobiernoparroquiallaunion.gob.ec\/azuay\/rendicion-de-cuentas-2019\/","title":{"rendered":"Rendici\u00f3n de Cuentas 2019"},"content":{"rendered":"<p>Se realiza la Rendici\u00f3n de Cuentas a\u00a0 la ciudadan\u00eda siguiendo el proceso establecido por el Consejo de Participaci\u00f3n Ciudadano y Control Social, a ra\u00edz de la pandemia por el COVID-19 no se pueden realizar de manera presencial algunas fases del proceso sin embargo se cumple a cabalidad con todas las fases culminando el d\u00eda 26 de septiembre de 2020, d\u00eda donde se realizo el Evento Publico de Deliberaci\u00f3n a la Ciudadan\u00eda sobre la Rendici\u00f3n de Cuentas del periodo 2019 con la participaci\u00f3n de todos los dirigentes sectoriales.<\/p>\n<p>A continuaci\u00f3n se anexan los justificativos de cada una de las fases:<\/p>\n<ul>\n<li><a href=\"https:\/\/gobiernoparroquiallaunion.gob.ec\/azuay\/rendicion-de-cuentas-2019\/rendicion-de-cuentas-2019-2\/\" rel=\"attachment wp-att-1238\">RENDICION DE CUENTAS 2019<\/a><\/li>\n<li><a href=\"https:\/\/gobiernoparroquiallaunion.gob.ec\/azuay\/rendicion-de-cuentas-2019\/consulta-ciudadana\/\" rel=\"attachment wp-att-1239\">Consulta Ciudadana<\/a><\/li>\n<li><a href=\"https:\/\/gobiernoparroquiallaunion.gob.ec\/azuay\/rendicion-de-cuentas-2019\/conformacion-equiop-mixto\/\" rel=\"attachment wp-att-1240\">Conformacion Equiop Mixto<\/a><\/li>\n<li><a href=\"https:\/\/gobiernoparroquiallaunion.gob.ec\/azuay\/rendicion-de-cuentas-2019\/asistentes-deliberacion-publica\/\" rel=\"attachment wp-att-1243\">Asistentes Deliberacion Publica<\/a><\/li>\n<li><a href=\"https:\/\/gobiernoparroquiallaunion.gob.ec\/azuay\/rendicion-de-cuentas-2019\/compromisos-y-plan-de-trabajo\/\" rel=\"attachment wp-att-1244\">Compromisos y Plan de Trabajo<\/a><\/li>\n<li><a href=\"https:\/\/gobiernoparroquiallaunion.gob.ec\/azuay\/rendicion-de-cuentas-2019\/convocatoria-deliberacion-publica\/\" rel=\"attachment wp-att-1245\">Convocatoria Deliberacion Publica<\/a><\/li>\n<\/ul>\n","protected":false},"excerpt":{"rendered":"<p>Se realiza la Rendici\u00f3n de Cuentas a\u00a0 la ciudadan\u00eda siguiendo el proceso establecido por el Consejo de Participaci\u00f3n Ciudadano y Control Social, a ra\u00edz de la pandemia por el COVID-19 no se pueden realizar de manera presencial algunas fases del proceso sin embargo se cumple a cabalidad con todas las fases culminando el d\u00eda 26 [&hellip;]<\/p>\n","protected":false},"author":6,"featured_media":0,"parent":0,"menu_order":0,"comment_status":"closed","ping_status":"closed","template":"","meta":{"footnotes":""},"class_list":["post-1052","page","type-page","status-publish","hentry"],"yoast_head":"<!-- This site is optimized with the Yoast SEO plugin v24.1 - https:\/\/yoast.com\/wordpress\/plugins\/seo\/ -->\n<title>Rendici\u00f3n de Cuentas 2019 - GAD parroquial La Uni\u00f3n<\/title>\n<meta name=\"robots\" content=\"index, follow, max-snippet:-1, max-image-preview:large, max-video-preview:-1\" \/>\n<link rel=\"canonical\" href=\"https:\/\/gobiernoparroquiallaunion.gob.ec\/azuay\/rendicion-de-cuentas-2019\/\" \/>\n<meta property=\"og:locale\" content=\"es_ES\" \/>\n<meta property=\"og:type\" content=\"article\" \/>\n<meta property=\"og:title\" content=\"Rendici\u00f3n de Cuentas 2019 - GAD parroquial La Uni\u00f3n\" \/>\n<meta property=\"og:description\" content=\"Se realiza la Rendici\u00f3n de Cuentas a\u00a0 la ciudadan\u00eda siguiendo el proceso establecido por el Consejo de Participaci\u00f3n Ciudadano y Control Social, a ra\u00edz de la pandemia por el COVID-19 no se pueden realizar de manera presencial algunas fases del proceso sin embargo se cumple a cabalidad con todas las fases culminando el d\u00eda 26 [&hellip;]\" \/>\n<meta property=\"og:url\" content=\"https:\/\/gobiernoparroquiallaunion.gob.ec\/azuay\/rendicion-de-cuentas-2019\/\" \/>\n<meta property=\"og:site_name\" content=\"GAD parroquial La Uni\u00f3n\" \/>\n<meta property=\"article:modified_time\" content=\"2020-10-29T20:54:54+00:00\" \/>\n<meta name=\"twitter:card\" content=\"summary_large_image\" \/>\n<meta name=\"twitter:label1\" content=\"Tiempo de lectura\" \/>\n\t<meta name=\"twitter:data1\" content=\"1 minuto\" \/>\n<script type=\"application\/ld+json\" class=\"yoast-schema-graph\">{\"@context\":\"https:\/\/schema.org\",\"@graph\":[{\"@type\":\"WebPage\",\"@id\":\"https:\/\/gobiernoparroquiallaunion.gob.ec\/azuay\/rendicion-de-cuentas-2019\/\",\"url\":\"https:\/\/gobiernoparroquiallaunion.gob.ec\/azuay\/rendicion-de-cuentas-2019\/\",\"name\":\"Rendici\u00f3n de Cuentas 2019 - GAD parroquial La Uni\u00f3n\",\"isPartOf\":{\"@id\":\"https:\/\/gobiernoparroquiallaunion.gob.ec\/azuay\/#website\"},\"datePublished\":\"2019-02-12T01:18:31+00:00\",\"dateModified\":\"2020-10-29T20:54:54+00:00\",\"breadcrumb\":{\"@id\":\"https:\/\/gobiernoparroquiallaunion.gob.ec\/azuay\/rendicion-de-cuentas-2019\/#breadcrumb\"},\"inLanguage\":\"es\",\"potentialAction\":[{\"@type\":\"ReadAction\",\"target\":[\"https:\/\/gobiernoparroquiallaunion.gob.ec\/azuay\/rendicion-de-cuentas-2019\/\"]}]},{\"@type\":\"BreadcrumbList\",\"@id\":\"https:\/\/gobiernoparroquiallaunion.gob.ec\/azuay\/rendicion-de-cuentas-2019\/#breadcrumb\",\"itemListElement\":[{\"@type\":\"ListItem\",\"position\":1,\"name\":\"Portada\",\"item\":\"https:\/\/gobiernoparroquiallaunion.gob.ec\/azuay\/\"},{\"@type\":\"ListItem\",\"position\":2,\"name\":\"Rendici\u00f3n de Cuentas 2019\"}]},{\"@type\":\"WebSite\",\"@id\":\"https:\/\/gobiernoparroquiallaunion.gob.ec\/azuay\/#website\",\"url\":\"https:\/\/gobiernoparroquiallaunion.gob.ec\/azuay\/\",\"name\":\"GAD parroquial La Uni\u00f3n\",\"description\":\"Sitio Oficial del GAD Parroquial La Uni\u00f3n Azuay\",\"publisher\":{\"@id\":\"https:\/\/gobiernoparroquiallaunion.gob.ec\/azuay\/#organization\"},\"potentialAction\":[{\"@type\":\"SearchAction\",\"target\":{\"@type\":\"EntryPoint\",\"urlTemplate\":\"https:\/\/gobiernoparroquiallaunion.gob.ec\/azuay\/?s={search_term_string}\"},\"query-input\":{\"@type\":\"PropertyValueSpecification\",\"valueRequired\":true,\"valueName\":\"search_term_string\"}}],\"inLanguage\":\"es\"},{\"@type\":\"Organization\",\"@id\":\"https:\/\/gobiernoparroquiallaunion.gob.ec\/azuay\/#organization\",\"name\":\"GAD Parroquial La Uni\u00f3n\",\"url\":\"https:\/\/gobiernoparroquiallaunion.gob.ec\/azuay\/\",\"logo\":{\"@type\":\"ImageObject\",\"inLanguage\":\"es\",\"@id\":\"https:\/\/gobiernoparroquiallaunion.gob.ec\/azuay\/#\/schema\/logo\/image\/\",\"url\":\"https:\/\/gobiernoparroquiallaunion.gob.ec\/azuay\/wp-content\/uploads\/2020\/06\/logoFooter-Recuperado.png\",\"contentUrl\":\"https:\/\/gobiernoparroquiallaunion.gob.ec\/azuay\/wp-content\/uploads\/2020\/06\/logoFooter-Recuperado.png\",\"width\":200,\"height\":150,\"caption\":\"GAD Parroquial La Uni\u00f3n\"},\"image\":{\"@id\":\"https:\/\/gobiernoparroquiallaunion.gob.ec\/azuay\/#\/schema\/logo\/image\/\"}}]}<\/script>\n<!-- \/ Yoast SEO plugin. -->","yoast_head_json":{"title":"Rendici\u00f3n de Cuentas 2019 - GAD parroquial La Uni\u00f3n","robots":{"index":"index","follow":"follow","max-snippet":"max-snippet:-1","max-image-preview":"max-image-preview:large","max-video-preview":"max-video-preview:-1"},"canonical":"https:\/\/gobiernoparroquiallaunion.gob.ec\/azuay\/rendicion-de-cuentas-2019\/","og_locale":"es_ES","og_type":"article","og_title":"Rendici\u00f3n de Cuentas 2019 - GAD parroquial La Uni\u00f3n","og_description":"Se realiza la Rendici\u00f3n de Cuentas a\u00a0 la ciudadan\u00eda siguiendo el proceso establecido por el Consejo de Participaci\u00f3n Ciudadano y Control Social, a ra\u00edz de la pandemia por el COVID-19 no se pueden realizar de manera presencial algunas fases del proceso sin embargo se cumple a cabalidad con todas las fases culminando el d\u00eda 26 [&hellip;]","og_url":"https:\/\/gobiernoparroquiallaunion.gob.ec\/azuay\/rendicion-de-cuentas-2019\/","og_site_name":"GAD parroquial La Uni\u00f3n","article_modified_time":"2020-10-29T20:54:54+00:00","twitter_card":"summary_large_image","twitter_misc":{"Tiempo de lectura":"1 minuto"},"schema":{"@context":"https:\/\/schema.org","@graph":[{"@type":"WebPage","@id":"https:\/\/gobiernoparroquiallaunion.gob.ec\/azuay\/rendicion-de-cuentas-2019\/","url":"https:\/\/gobiernoparroquiallaunion.gob.ec\/azuay\/rendicion-de-cuentas-2019\/","name":"Rendici\u00f3n de Cuentas 2019 - GAD parroquial La Uni\u00f3n","isPartOf":{"@id":"https:\/\/gobiernoparroquiallaunion.gob.ec\/azuay\/#website"},"datePublished":"2019-02-12T01:18:31+00:00","dateModified":"2020-10-29T20:54:54+00:00","breadcrumb":{"@id":"https:\/\/gobiernoparroquiallaunion.gob.ec\/azuay\/rendicion-de-cuentas-2019\/#breadcrumb"},"inLanguage":"es","potentialAction":[{"@type":"ReadAction","target":["https:\/\/gobiernoparroquiallaunion.gob.ec\/azuay\/rendicion-de-cuentas-2019\/"]}]},{"@type":"BreadcrumbList","@id":"https:\/\/gobiernoparroquiallaunion.gob.ec\/azuay\/rendicion-de-cuentas-2019\/#breadcrumb","itemListElement":[{"@type":"ListItem","position":1,"name":"Portada","item":"https:\/\/gobiernoparroquiallaunion.gob.ec\/azuay\/"},{"@type":"ListItem","position":2,"name":"Rendici\u00f3n de Cuentas 2019"}]},{"@type":"WebSite","@id":"https:\/\/gobiernoparroquiallaunion.gob.ec\/azuay\/#website","url":"https:\/\/gobiernoparroquiallaunion.gob.ec\/azuay\/","name":"GAD parroquial La Uni\u00f3n","description":"Sitio Oficial del GAD Parroquial La Uni\u00f3n Azuay","publisher":{"@id":"https:\/\/gobiernoparroquiallaunion.gob.ec\/azuay\/#organization"},"potentialAction":[{"@type":"SearchAction","target":{"@type":"EntryPoint","urlTemplate":"https:\/\/gobiernoparroquiallaunion.gob.ec\/azuay\/?s={search_term_string}"},"query-input":{"@type":"PropertyValueSpecification","valueRequired":true,"valueName":"search_term_string"}}],"inLanguage":"es"},{"@type":"Organization","@id":"https:\/\/gobiernoparroquiallaunion.gob.ec\/azuay\/#organization","name":"GAD Parroquial La Uni\u00f3n","url":"https:\/\/gobiernoparroquiallaunion.gob.ec\/azuay\/","logo":{"@type":"ImageObject","inLanguage":"es","@id":"https:\/\/gobiernoparroquiallaunion.gob.ec\/azuay\/#\/schema\/logo\/image\/","url":"https:\/\/gobiernoparroquiallaunion.gob.ec\/azuay\/wp-content\/uploads\/2020\/06\/logoFooter-Recuperado.png","contentUrl":"https:\/\/gobiernoparroquiallaunion.gob.ec\/azuay\/wp-content\/uploads\/2020\/06\/logoFooter-Recuperado.png","width":200,"height":150,"caption":"GAD Parroquial La Uni\u00f3n"},"image":{"@id":"https:\/\/gobiernoparroquiallaunion.gob.ec\/azuay\/#\/schema\/logo\/image\/"}}]}},"_links":{"self":[{"href":"https:\/\/gobiernoparroquiallaunion.gob.ec\/azuay\/wp-json\/wp\/v2\/pages\/1052","targetHints":{"allow":["GET"]}}],"collection":[{"href":"https:\/\/gobiernoparroquiallaunion.gob.ec\/azuay\/wp-json\/wp\/v2\/pages"}],"about":[{"href":"https:\/\/gobiernoparroquiallaunion.gob.ec\/azuay\/wp-json\/wp\/v2\/types\/page"}],"author":[{"embeddable":true,"href":"https:\/\/gobiernoparroquiallaunion.gob.ec\/azuay\/wp-json\/wp\/v2\/users\/6"}],"replies":[{"embeddable":true,"href":"https:\/\/gobiernoparroquiallaunion.gob.ec\/azuay\/wp-json\/wp\/v2\/comments?post=1052"}],"version-history":[{"count":5,"href":"https:\/\/gobiernoparroquiallaunion.gob.ec\/azuay\/wp-json\/wp\/v2\/pages\/1052\/revisions"}],"predecessor-version":[{"id":1246,"href":"https:\/\/gobiernoparroquiallaunion.gob.ec\/azuay\/wp-json\/wp\/v2\/pages\/1052\/revisions\/1246"}],"wp:attachment":[{"href":"https:\/\/gobiernoparroquiallaunion.gob.ec\/azuay\/wp-json\/wp\/v2\/media?parent=1052"}],"curies":[{"name":"wp","href":"https:\/\/api.w.org\/{rel}","templated":true}]}}