{"id":1084,"date":"2020-01-19T21:00:30","date_gmt":"2020-01-20T01:00:30","guid":{"rendered":"http:\/\/gobiernoparroquiallaunion.gob.ec\/azuay\/?page_id=1084"},"modified":"2022-05-27T16:38:53","modified_gmt":"2022-05-27T20:38:53","slug":"rendicion-de-cuentas-2020","status":"publish","type":"page","link":"https:\/\/gobiernoparroquiallaunion.gob.ec\/azuay\/rendicion-de-cuentas-2020\/","title":{"rendered":"Rendici\u00f3n de Cuentas 2020"},"content":{"rendered":"<p>&nbsp;<\/p>\n<p><strong>EJECUCI\u00d3N PROGRAM\u00c1TICA<\/strong><\/p>\n<p><a href=\"https:\/\/gobiernoparroquiallaunion.gob.ec\/azuay\/rendicion-de-cuentas-2020\/objetivos-pdot\/\" rel=\"attachment wp-att-1325\">OBJETIVOS PDOT<\/a><\/p>\n<p><strong>PLAN DE TRABAJO PRESIDENTE (OFERTA ELECTORAL)<\/strong><\/p>\n<p><a href=\"https:\/\/gobiernoparroquiallaunion.gob.ec\/azuay\/rendicion-de-cuentas-2020\/plan-de-trabajo-presidente\/\" rel=\"attachment wp-att-1326\">PLAN DE TRABAJO PRESIDENTE<\/a><\/p>\n<p><strong>CUMPLIMIENTO DE EJECUCI\u00d3N PRESUPUESTARIA<\/strong><\/p>\n<p><strong>DESCRIPCI\u00d3N DE RESULTADO POA POR META \/ PROGRAMA O PROYECTO<\/strong><\/p>\n<p><a href=\"https:\/\/gobiernoparroquiallaunion.gob.ec\/azuay\/rendicion-de-cuentas-2020\/cedula-gastos-proyecto-atencion-personas-con-discapacidad-2020\/\" rel=\"attachment wp-att-1348\">cedula gastos proyecto atencion personas con discapacidad 2020<\/a><\/p>\n<p><a href=\"https:\/\/gobiernoparroquiallaunion.gob.ec\/azuay\/rendicion-de-cuentas-2020\/cedula-gastos-adecuacion-banos-publicos-centro-la-union-2020\/\" rel=\"attachment wp-att-1349\">cedula gastos adecuacion ba\u00f1os publicos centro la union 2020<\/a><\/p>\n<p><a href=\"https:\/\/gobiernoparroquiallaunion.gob.ec\/azuay\/rendicion-de-cuentas-2020\/cedula-gastos-convenio-alumbrado-publico-cuchil-2020\/\" rel=\"attachment wp-att-1350\">cedula gastos convenio alumbrado publico cuchil 2020<\/a><\/p>\n<p><a href=\"https:\/\/gobiernoparroquiallaunion.gob.ec\/azuay\/rendicion-de-cuentas-2020\/cedula-gastos-emergencia-sanitaria-covid-19-2020\/\" rel=\"attachment wp-att-1351\">cedula gastos emergencia sanitaria covid 19 2020<\/a><\/p>\n<p><a href=\"https:\/\/gobiernoparroquiallaunion.gob.ec\/azuay\/rendicion-de-cuentas-2020\/cedula-gastos-estudios-ampliacion-cementerio-2020\/\" rel=\"attachment wp-att-1352\">cedula gastos estudios ampliacion cementerio 2020<\/a><\/p>\n<p><a href=\"https:\/\/gobiernoparroquiallaunion.gob.ec\/azuay\/rendicion-de-cuentas-2020\/cedula-gastos-fomento-y-promocion-a-la-minga-comunitaria-2020\/\" rel=\"attachment wp-att-1353\">cedula gastos fomento y promocion a la minga comunitaria 2020<\/a><\/p>\n<p><a href=\"https:\/\/gobiernoparroquiallaunion.gob.ec\/azuay\/rendicion-de-cuentas-2020\/cedula-gastos-implementos-asociacion-joyeros-2020\/\" rel=\"attachment wp-att-1354\">cedula gastos implementos asociacion joyeros 2020<\/a><\/p>\n<p><a href=\"https:\/\/gobiernoparroquiallaunion.gob.ec\/azuay\/rendicion-de-cuentas-2020\/cedula-gastos-proyecto-adulto-mayor-2020\/\" rel=\"attachment wp-att-1355\">cedula gastos proyecto adulto mayor 2020<\/a><\/p>\n<p><a href=\"https:\/\/gobiernoparroquiallaunion.gob.ec\/azuay\/rendicion-de-cuentas-2020\/cedula-gastos-proyecto-asesoria-contable-2020\/\" rel=\"attachment wp-att-1356\">cedula gastos proyecto asesoria contable 2020<\/a><\/p>\n<p><a href=\"https:\/\/gobiernoparroquiallaunion.gob.ec\/azuay\/rendicion-de-cuentas-2020\/cedula-gastos-proyecto-capacitaciones-2020\/\" rel=\"attachment wp-att-1357\">cedula gastos proyecto capacitaciones 2020<\/a><\/p>\n<p><a href=\"https:\/\/gobiernoparroquiallaunion.gob.ec\/azuay\/rendicion-de-cuentas-2020\/cedula-gastos-proyecto-convenio-mintel-2020\/\" rel=\"attachment wp-att-1358\">cedula gastos proyecto convenio mintel 2020<\/a><\/p>\n<p><a href=\"https:\/\/gobiernoparroquiallaunion.gob.ec\/azuay\/rendicion-de-cuentas-2020\/cedula-gastos-proyecto-cultura-y-civismo-la-union-2020\/\" rel=\"attachment wp-att-1359\">cedula gastos proyecto cultura y civismo la union 2020<\/a><\/p>\n<p><a href=\"https:\/\/gobiernoparroquiallaunion.gob.ec\/azuay\/rendicion-de-cuentas-2020\/cedula-gastos-proyecto-dia-del-nino-2020\/\" rel=\"attachment wp-att-1360\">cedula gastos proyecto dia del ni\u00f1o 2020<\/a><\/p>\n<p><a href=\"https:\/\/gobiernoparroquiallaunion.gob.ec\/azuay\/rendicion-de-cuentas-2020\/cedula-gastos-proyecto-fomento-a-la-productividad-2020\/\" rel=\"attachment wp-att-1361\">cedula gastos proyecto fomento a la productividad 2020<\/a><\/p>\n<p><a href=\"https:\/\/gobiernoparroquiallaunion.gob.ec\/azuay\/rendicion-de-cuentas-2020\/cedula-gastos-proyecto-fomento-al-deporte-2020\/\" rel=\"attachment wp-att-1362\">cedula gastos proyecto fomento al deporte 2020<\/a><\/p>\n<p><a href=\"https:\/\/gobiernoparroquiallaunion.gob.ec\/azuay\/rendicion-de-cuentas-2020\/cedula-gastos-proyecto-limpieza-de-infraestructura-2020\/\" rel=\"attachment wp-att-1363\">cedula gastos proyecto limpieza de infraestructura 2020<\/a><\/p>\n<p><a href=\"https:\/\/gobiernoparroquiallaunion.gob.ec\/azuay\/rendicion-de-cuentas-2020\/cedula-gastos-proyecto-materiales-el-quinche-2020\/\" rel=\"attachment wp-att-1364\">cedula gastos proyecto materiales el quinche 2020<\/a><\/p>\n<p><a href=\"https:\/\/gobiernoparroquiallaunion.gob.ec\/azuay\/rendicion-de-cuentas-2020\/cedula-gastos-proyecto-obras-publicas-allpapanashabalula-2020\/\" rel=\"attachment wp-att-1365\">cedula gastos proyecto obras publicas allpapana,shabalula 2020<\/a><\/p>\n<p><a href=\"https:\/\/gobiernoparroquiallaunion.gob.ec\/azuay\/rendicion-de-cuentas-2020\/cedula-gastos-proyecto-rescate-a-las-tradiciones-ancestrales-2020\/\" rel=\"attachment wp-att-1366\">cedula gastos proyecto rescate a las tradiciones ancestrales 2020<\/a><\/p>\n<p><a href=\"https:\/\/gobiernoparroquiallaunion.gob.ec\/azuay\/rendicion-de-cuentas-2020\/cedula-gastos-proyecto-tasa-solidaria-2020\/\" rel=\"attachment wp-att-1367\">cedula gastos proyecto tasa solidaria 2020<\/a><\/p>\n<p>&nbsp;<\/p>\n<p><strong>PRESUPUESTO DE LA INSTITUCI\u00d3N<\/strong><\/p>\n<p><strong>C\u00c9DULA PRESUPUESTARIA DE INGRESOS<\/strong><\/p>\n<p><a href=\"https:\/\/gobiernoparroquiallaunion.gob.ec\/azuay\/rendicion-de-cuentas-2020\/cedula-presupuestaria-ingresos-2020\/\" rel=\"attachment wp-att-1369\">cedula presupuestaria ingresos 2020<\/a><\/p>\n<p><strong>C\u00c9DULA PRESUPUESTARIA DE GASTOS<\/strong><\/p>\n<p><a href=\"https:\/\/gobiernoparroquiallaunion.gob.ec\/azuay\/rendicion-de-cuentas-2020\/cedula-presupuestaria-de-gastos-2020\/\" rel=\"attachment wp-att-1370\">cedula presupuestaria de gastos 2020<\/a><\/p>\n<p>&nbsp;<\/p>\n<p><strong>PRESUPUESTO PARTICIPATIVO<\/strong><\/p>\n<p><strong>C\u00c9DULAS PRESUPUESTARIAS<\/strong><\/p>\n<p><a href=\"https:\/\/gobiernoparroquiallaunion.gob.ec\/azuay\/rendicion-de-cuentas-2020\/cedula-gastos-adecuacion-banos-publicos-centro-la-union-2020\/\" rel=\"attachment wp-att-1349\">cedula gastos adecuacion ba\u00f1os publicos centro la union 2020<\/a><\/p>\n<p><a href=\"https:\/\/gobiernoparroquiallaunion.gob.ec\/azuay\/rendicion-de-cuentas-2020\/cedula-gastos-proyecto-materiales-el-quinche-2020\/\" rel=\"attachment wp-att-1364\">cedula gastos proyecto materiales el quinche 2020<\/a><\/p>\n<p><a href=\"https:\/\/gobiernoparroquiallaunion.gob.ec\/azuay\/rendicion-de-cuentas-2020\/cedula-gastos-proyecto-obras-publicas-allpapanashabalula-2020\/\" rel=\"attachment wp-att-1365\">cedula gastos proyecto obras publicas allpapana,shabalula 2020<\/a><\/p>\n<p><a href=\"https:\/\/gobiernoparroquiallaunion.gob.ec\/azuay\/rendicion-de-cuentas-2020\/cedulas-presupuesto-participativo-2020\/\" rel=\"attachment wp-att-1396\">CEDULAS PRESUPUESTO PARTICIPATIVO 2020<\/a><\/p>\n<p><a href=\"https:\/\/gobiernoparroquiallaunion.gob.ec\/azuay\/rendicion-de-cuentas-2020\/acta-socializacion-presupuesto-participativo-2020\/\" rel=\"attachment wp-att-1398\">ACTA SOCIALIZACION PRESUPUESTO PARTICIPATIVO 2020<\/a><\/p>\n<p><strong>PRESUPUESTO GRUPOS DE ATENCI\u00d3N PRIORITARIA<\/strong><\/p>\n<p><strong>ADULTO MAYOR<\/strong><\/p>\n<p><a href=\"https:\/\/gobiernoparroquiallaunion.gob.ec\/azuay\/rendicion-de-cuentas-2020\/cedula-gastos-proyecto-adulto-mayor-2020\/\" rel=\"attachment wp-att-1355\">cedula gastos proyecto adulto mayor 2020<\/a><\/p>\n<p><strong>NI\u00d1OS, NI\u00d1AS Y ADOLESCENTES<\/strong><\/p>\n<p><a href=\"https:\/\/gobiernoparroquiallaunion.gob.ec\/azuay\/rendicion-de-cuentas-2020\/cedula-gastos-proyecto-fomento-al-deporte-2020\/\" rel=\"attachment wp-att-1362\">cedula gastos proyecto fomento al deporte 2020<\/a><\/p>\n<p><a href=\"https:\/\/gobiernoparroquiallaunion.gob.ec\/azuay\/rendicion-de-cuentas-2020\/cedula-gastos-proyecto-dia-del-nino-2020\/\" rel=\"attachment wp-att-1360\">cedula gastos proyecto dia del ni\u00f1o 2020<\/a><\/p>\n<p><strong>PERSONAS CON DISCAPACIDAD<\/strong><\/p>\n<p><a href=\"https:\/\/gobiernoparroquiallaunion.gob.ec\/azuay\/rendicion-de-cuentas-2020\/cedula-gastos-proyecto-atencion-personas-con-discapacidad-2020\/\" rel=\"attachment wp-att-1348\">cedula gastos proyecto atencion personas con discapacidad 2020<\/a><\/p>\n<p><a href=\"https:\/\/gobiernoparroquiallaunion.gob.ec\/azuay\/rendicion-de-cuentas-2020\/cedulas-presupuestarias-sector-prioritario-2020\/\" rel=\"attachment wp-att-1400\">CEDULAS PRESUPUESTARIAS SECTOR PRIORITARIO 2020<\/a><\/p>\n<p><strong>COMPLEMENTACI\u00d3N DE POL\u00cdTICAS P\u00daBLICAS PARA LA IGUALDAD<\/strong><\/p>\n<p><strong>NO APLICA<\/strong><\/p>\n<p>&nbsp;<\/p>\n<p><strong>PARTICIPACI\u00d3N CIUDADANA<\/strong><\/p>\n<p><strong>NO APLICA<\/strong><\/p>\n<p>&nbsp;<\/p>\n<p><strong>MECANISMOS DE PARTICIPACI\u00d3N CIUDADANA<\/strong><\/p>\n<p><strong>NO APLICA<\/strong><\/p>\n<p>&nbsp;<\/p>\n<p><strong>ASAMBLEA CIUDADANA<\/strong><\/p>\n<p><strong>NO APLICA<\/strong><\/p>\n<p>&nbsp;<\/p>\n<p><strong>MECANISMOS DE CONTROL SOCIAL<\/strong><\/p>\n<p><strong>NO APLICA<\/strong><\/p>\n<p>&nbsp;<\/p>\n<p><strong>RENDICI\u00d3N DE CUENTAS<\/strong><\/p>\n<p><strong>FASE 1<\/strong><\/p>\n<p><a href=\"https:\/\/gobiernoparroquiallaunion.gob.ec\/azuay\/rendicion-de-cuentas-2020\/fotos-y-convocatoria-proceso-de-rendicion-de-cuentas\/\" rel=\"attachment wp-att-1374\">FOTOS Y CONVOCATORIA PROCESO DE RENDICION DE CUENTAS<\/a><\/p>\n<p><a href=\"https:\/\/gobiernoparroquiallaunion.gob.ec\/azuay\/rendicion-de-cuentas-2020\/convocatoria-planificacion-rendicion-de-cuentas\/\" rel=\"attachment wp-att-1375\">CONVOCATORIA PLANIFICACION RENDICION DE CUENTAS<\/a><\/p>\n<p><a href=\"https:\/\/gobiernoparroquiallaunion.gob.ec\/azuay\/rendicion-de-cuentas-2020\/registro-de-asistencia-planificacion-rendicion-de-cuentas-2020\/\" rel=\"attachment wp-att-1390\">REGISTRO DE ASISTENCIA PLANIFICACION RENDICION DE CUENTAS 2020<\/a><\/p>\n<p><a href=\"https:\/\/gobiernoparroquiallaunion.gob.ec\/azuay\/rendicion-de-cuentas-2020\/acta-conformacion-de-equipo-mixto-2\/\" rel=\"attachment wp-att-1381\">ACTA CONFORMACION DE EQUIPO MIXTO<\/a><\/p>\n<p><a href=\"https:\/\/gobiernoparroquiallaunion.gob.ec\/azuay\/rendicion-de-cuentas-2020\/proceso-planificacion-rendicion-de-cuentas-2020\/\" rel=\"attachment wp-att-1402\">PROCESO PLANIFICACION RENDICION DE CUENTAS 2020<\/a><\/p>\n<p><strong>FASE 2<\/strong><\/p>\n<p><a href=\"https:\/\/gobiernoparroquiallaunion.gob.ec\/azuay\/rendicion-de-cuentas-2020\/acta-reunion-equipo-tecnico-mixto\/\" rel=\"attachment wp-att-1528\">ACTA REUNION EQUIPO TECNICO MIXTO<\/a><\/p>\n<p><a href=\"https:\/\/gobiernoparroquiallaunion.gob.ec\/azuay\/rendicion-de-cuentas-2020\/preguntas-y-respuestas-miembros-gad-parroquial\/\" rel=\"attachment wp-att-1529\">PREGUNTAS Y RESPUESTAS MIEMBROS GAD PARROQUIAL<\/a><\/p>\n<p><a href=\"https:\/\/gobiernoparroquiallaunion.gob.ec\/azuay\/rendicion-de-cuentas-2020\/autorizacion-formulario-cpccs\/\" rel=\"attachment wp-att-1530\">AUTORIZACION FORMULARIO CPCCS<\/a><\/p>\n<p>&nbsp;<\/p>\n<p><strong>FASE 3<\/strong><\/p>\n<p><a href=\"https:\/\/www.facebook.com\/307451116086360\/posts\/1802517613246362\/?sfnsn=mo\">INVITACION DELIBERACION PUBLICA PERIODO 2020<\/a><\/p>\n<p><a href=\"https:\/\/gobiernoparroquiallaunion.gob.ec\/azuay\/rendicion-de-cuentas-2020\/presentacion-rendicion-de-cuentas-2020\/\" rel=\"attachment wp-att-1394\">PRESENTACION RENDICION DE CUENTAS 2020<\/a><\/p>\n<p><a href=\"https:\/\/gobiernoparroquiallaunion.gob.ec\/azuay\/rendicion-de-cuentas-2020\/formulario-de-preguntas-periodo-2020\/\" rel=\"attachment wp-att-1410\">FORMULARIO DE PREGUNTAS PERIODO 2020<\/a><\/p>\n<p><a href=\"https:\/\/gobiernoparroquiallaunion.gob.ec\/azuay\/rendicion-de-cuentas-2020\/registro-de-asistencia-deliberacion-publica\/\" rel=\"attachment wp-att-1414\">REGISTRO DE ASISTENCIA DELIBERACION PUBLICA<\/a><\/p>\n<p><a href=\"https:\/\/gobiernoparroquiallaunion.gob.ec\/azuay\/rendicion-de-cuentas-2020\/presentacion-de-obras-y-proyectos-ejecutados-en-el-ano-2020\/\" rel=\"attachment wp-att-1415\">PRESENTACI\u00d3N DE OBRAS Y PROYECTOS EJECUTADOS EN EL A\u00d1O 2020<\/a><\/p>\n<p><strong>FASE 4<\/strong><\/p>\n<p><a href=\"https:\/\/gobiernoparroquiallaunion.gob.ec\/azuay\/rendicion-de-cuentas-2020\/formulario-de-sugerencias-periodo-2020\/\" rel=\"attachment wp-att-1409\">FORMULARIO DE SUGERENCIAS PERIODO 2020<\/a><\/p>\n<p><strong>DATOS DE LA DELIBERACI\u00d3N P\u00daBLICA Y EVALUACI\u00d3N CIUDADANA DE RENDICI\u00d3N DE CUENTAS<\/strong><\/p>\n<p>DESCRIBA LAS SUGERENCIAS CIUDADANAS PLANTEADAS A LA GESTI\u00d3N DEL GAD EN LA DELIBERACI\u00d3N P\u00daBLICA Y EVALUACI\u00d3N CIUDADANA:<\/p>\n<p><a href=\"https:\/\/gobiernoparroquiallaunion.gob.ec\/azuay\/rendicion-de-cuentas-2020\/formulario-de-sugerencias-periodo-2020\/\" rel=\"attachment wp-att-1409\">FORMULARIO DE SUGERENCIAS PERIODO 2020<\/a><\/p>\n<p>CUMPLIMIENTO DEL PLAN DE SUGERENCIAS CIUDADANAS DEL A\u00d1O ANTERIOR IMPLEMENTADAS EN LA GESTI\u00d3N INSTITUCIONAL<\/p>\n<p><a href=\"https:\/\/gobiernoparroquiallaunion.gob.ec\/azuay\/rendicion-de-cuentas-2020\/proyecto-mantenimiento-vial-2020\/\" rel=\"attachment wp-att-1405\">PROYECTO MANTENIMIENTO VIAL 2020<\/a><\/p>\n<p><a href=\"https:\/\/gobiernoparroquiallaunion.gob.ec\/azuay\/rendicion-de-cuentas-2020\/proyecto-la-basura-en-su-lugar\/\" rel=\"attachment wp-att-1406\">PROYECTO LA BASURA EN SU LUGAR<\/a><\/p>\n<p><a href=\"https:\/\/gobiernoparroquiallaunion.gob.ec\/azuay\/rendicion-de-cuentas-2020\/proyecto-arte-cultura-y-grastronomia-2020\/\" rel=\"attachment wp-att-1407\">PROYECTO ARTE CULTURA Y GRASTRONOMIA 2020<\/a><\/p>\n<p><strong>DESCRIBA LAS SUGERENCIAS CIUDADANAS PLANTEADAS A LA GESTI\u00d3N DEL GAD EN LA DELIBERACI\u00d3N P\u00daBLICA Y EVALUACI\u00d3N CIUDADANA<\/strong><\/p>\n<p><strong>DIFUSI\u00d3N Y COMUNICACI\u00d3N DE LA GESTI\u00d3N INSTITUCIONAL<\/strong><\/p>\n<p><strong>NO APLICA<\/strong><\/p>\n<p><strong>TRANSPARENCIA Y ACCESO A LA INFORMACI\u00d3N DE LA GESTI\u00d3N INSTITUCIONAL Y DE SU RENDICI\u00d3N DE CUENTAS<\/strong><\/p>\n<blockquote class=\"wp-embedded-content\" data-secret=\"LCEWlG3qiA\"><p><a href=\"https:\/\/gobiernoparroquiallaunion.gob.ec\/azuay\/2020-2\/\">2020<\/a><\/p><\/blockquote>\n<p><iframe loading=\"lazy\" class=\"wp-embedded-content\" sandbox=\"allow-scripts\" security=\"restricted\" style=\"position: absolute; clip: rect(1px, 1px, 1px, 1px);\" title=\"\u00ab2020\u00bb \u2014 GAD parroquial La Uni\u00f3n\" src=\"https:\/\/gobiernoparroquiallaunion.gob.ec\/azuay\/2020-2\/embed\/#?secret=JzP5oS9ktn#?secret=LCEWlG3qiA\" data-secret=\"LCEWlG3qiA\" width=\"500\" height=\"282\" frameborder=\"0\" marginwidth=\"0\" marginheight=\"0\" scrolling=\"no\"><\/iframe><\/p>\n<p><strong>ESTADO DE OBRAS P\u00daBLICAS DE ADMINISTRACIONES ANTERIORES<\/strong><\/p>\n<p><strong>NO APLICA<\/strong><\/p>\n<p><strong>PROCESOS DE CONTRATACI\u00d3N Y COMPRAS P\u00daBLICAS DE BIENES Y SERVICIOS<\/strong><\/p>\n<p><a href=\"https:\/\/gobiernoparroquiallaunion.gob.ec\/azuay\/rendicion-de-cuentas-2020\/actas-entrega-recepcion-catalogo-electronico\/\" rel=\"attachment wp-att-1376\">ACTAS ENTREGA RECEPCION CATALOGO ELECTRONICO<\/a><\/p>\n<p><a href=\"https:\/\/gobiernoparroquiallaunion.gob.ec\/azuay\/rendicion-de-cuentas-2020\/acta-entrega-definitiva-proceso-menor-cuantia\/\" rel=\"attachment wp-att-1377\">ACTA ENTREGA DEFINITIVA PROCESO MENOR CUANTIA<\/a><\/p>\n<p><a href=\"https:\/\/gobiernoparroquiallaunion.gob.ec\/azuay\/rendicion-de-cuentas-2020\/acta-entrega-definitiva-estudios-cementerio\/\" rel=\"attachment wp-att-1384\">ACTA ENTREGA DEFINITIVA ESTUDIOS CEMENTERIO<\/a><\/p>\n<p><a href=\"https:\/\/gobiernoparroquiallaunion.gob.ec\/azuay\/rendicion-de-cuentas-2020\/contrataciones-mediante-infima-cuantia-ano-2020\/\" rel=\"attachment wp-att-1419\">CONTRATACIONES MEDIANTE INFIMA CUANTIA A\u00d1O 2020<\/a><\/p>\n<p><a href=\"https:\/\/gobiernoparroquiallaunion.gob.ec\/azuay\/rendicion-de-cuentas-2020\/contrataciones-sercop-2020\/\" rel=\"attachment wp-att-1412\">CONTRATACIONES<\/a><a href=\"https:\/\/gobiernoparroquiallaunion.gob.ec\/azuay\/rendicion-de-cuentas-2020\/contrataciones-sercop-2020\/\" rel=\"attachment wp-att-1412\"> SERCOP 2020<\/a><\/p>\n<p><strong>INFORMACI\u00d3N REFERENTE A LA ENAJENACI\u00d3N, DONACI\u00d3N Y EXPROPIACI\u00d3N DE BIENES<\/strong><\/p>\n<p><strong>NO APLICA<\/strong><\/p>\n<p><strong>INCORPORACI\u00d3N DE RECOMENDACIONES Y DICT\u00c1MENES POR PARTE DE LAS ENTIDADES DE LA FUNCI\u00d3N DE TRANSPARENCIA Y CONTROL SOCIAL Y LA PROCURADURIA GENERAL DEL ESTADO<\/strong><\/p>\n<p><strong>NO APLICA<\/strong><\/p>\n<p><a href=\"https:\/\/gobiernoparroquiallaunion.gob.ec\/azuay\/rendicion-de-cuentas-2020\/certificado_cumplimiento_tributario-manuel-sigua\/\" rel=\"attachment wp-att-1422\">Certificado_Cumplimiento_Tributario-MANUEL-SIGUA<\/a><\/p>\n<p><a href=\"https:\/\/gobiernoparroquiallaunion.gob.ec\/azuay\/rendicion-de-cuentas-2020\/certificado_cumplimiento_tributario-carlos-jara\/\" rel=\"attachment wp-att-1426\">Certificado_Cumplimiento_Tributario Carlos Jara<\/a><\/p>\n<p>&nbsp;<\/p>\n","protected":false},"excerpt":{"rendered":"<p>&nbsp; EJECUCI\u00d3N PROGRAM\u00c1TICA OBJETIVOS PDOT PLAN DE TRABAJO PRESIDENTE (OFERTA ELECTORAL) PLAN DE TRABAJO PRESIDENTE CUMPLIMIENTO DE EJECUCI\u00d3N PRESUPUESTARIA DESCRIPCI\u00d3N DE RESULTADO POA POR META \/ PROGRAMA O PROYECTO cedula gastos proyecto atencion personas con discapacidad 2020 cedula gastos adecuacion ba\u00f1os publicos centro la union 2020 cedula gastos convenio alumbrado publico cuchil 2020 cedula gastos [&hellip;]<\/p>\n","protected":false},"author":6,"featured_media":0,"parent":0,"menu_order":0,"comment_status":"closed","ping_status":"closed","template":"","meta":{"footnotes":""},"class_list":["post-1084","page","type-page","status-publish","hentry"],"yoast_head":"<!-- This site is optimized with the Yoast SEO plugin v24.1 - https:\/\/yoast.com\/wordpress\/plugins\/seo\/ -->\n<title>Rendici\u00f3n de Cuentas 2020 - GAD parroquial La Uni\u00f3n<\/title>\n<meta name=\"robots\" content=\"index, follow, max-snippet:-1, max-image-preview:large, max-video-preview:-1\" \/>\n<link rel=\"canonical\" href=\"https:\/\/gobiernoparroquiallaunion.gob.ec\/azuay\/rendicion-de-cuentas-2020\/\" \/>\n<meta property=\"og:locale\" content=\"es_ES\" \/>\n<meta property=\"og:type\" content=\"article\" \/>\n<meta property=\"og:title\" content=\"Rendici\u00f3n de Cuentas 2020 - GAD parroquial La Uni\u00f3n\" \/>\n<meta property=\"og:description\" content=\"&nbsp; EJECUCI\u00d3N PROGRAM\u00c1TICA OBJETIVOS PDOT PLAN DE TRABAJO PRESIDENTE (OFERTA ELECTORAL) PLAN DE TRABAJO PRESIDENTE CUMPLIMIENTO DE EJECUCI\u00d3N PRESUPUESTARIA DESCRIPCI\u00d3N DE RESULTADO POA POR META \/ PROGRAMA O PROYECTO cedula gastos proyecto atencion personas con discapacidad 2020 cedula gastos adecuacion ba\u00f1os publicos centro la union 2020 cedula gastos convenio alumbrado publico cuchil 2020 cedula gastos [&hellip;]\" \/>\n<meta property=\"og:url\" content=\"https:\/\/gobiernoparroquiallaunion.gob.ec\/azuay\/rendicion-de-cuentas-2020\/\" \/>\n<meta property=\"og:site_name\" content=\"GAD parroquial La Uni\u00f3n\" \/>\n<meta property=\"article:modified_time\" content=\"2022-05-27T20:38:53+00:00\" \/>\n<meta name=\"twitter:card\" content=\"summary_large_image\" \/>\n<meta name=\"twitter:label1\" content=\"Tiempo de lectura\" \/>\n\t<meta name=\"twitter:data1\" content=\"3 minutos\" \/>\n<script type=\"application\/ld+json\" class=\"yoast-schema-graph\">{\"@context\":\"https:\/\/schema.org\",\"@graph\":[{\"@type\":\"WebPage\",\"@id\":\"https:\/\/gobiernoparroquiallaunion.gob.ec\/azuay\/rendicion-de-cuentas-2020\/\",\"url\":\"https:\/\/gobiernoparroquiallaunion.gob.ec\/azuay\/rendicion-de-cuentas-2020\/\",\"name\":\"Rendici\u00f3n de Cuentas 2020 - GAD parroquial La Uni\u00f3n\",\"isPartOf\":{\"@id\":\"https:\/\/gobiernoparroquiallaunion.gob.ec\/azuay\/#website\"},\"datePublished\":\"2020-01-20T01:00:30+00:00\",\"dateModified\":\"2022-05-27T20:38:53+00:00\",\"breadcrumb\":{\"@id\":\"https:\/\/gobiernoparroquiallaunion.gob.ec\/azuay\/rendicion-de-cuentas-2020\/#breadcrumb\"},\"inLanguage\":\"es\",\"potentialAction\":[{\"@type\":\"ReadAction\",\"target\":[\"https:\/\/gobiernoparroquiallaunion.gob.ec\/azuay\/rendicion-de-cuentas-2020\/\"]}]},{\"@type\":\"BreadcrumbList\",\"@id\":\"https:\/\/gobiernoparroquiallaunion.gob.ec\/azuay\/rendicion-de-cuentas-2020\/#breadcrumb\",\"itemListElement\":[{\"@type\":\"ListItem\",\"position\":1,\"name\":\"Portada\",\"item\":\"https:\/\/gobiernoparroquiallaunion.gob.ec\/azuay\/\"},{\"@type\":\"ListItem\",\"position\":2,\"name\":\"Rendici\u00f3n de Cuentas 2020\"}]},{\"@type\":\"WebSite\",\"@id\":\"https:\/\/gobiernoparroquiallaunion.gob.ec\/azuay\/#website\",\"url\":\"https:\/\/gobiernoparroquiallaunion.gob.ec\/azuay\/\",\"name\":\"GAD parroquial La Uni\u00f3n\",\"description\":\"Sitio Oficial del GAD Parroquial La Uni\u00f3n Azuay\",\"publisher\":{\"@id\":\"https:\/\/gobiernoparroquiallaunion.gob.ec\/azuay\/#organization\"},\"potentialAction\":[{\"@type\":\"SearchAction\",\"target\":{\"@type\":\"EntryPoint\",\"urlTemplate\":\"https:\/\/gobiernoparroquiallaunion.gob.ec\/azuay\/?s={search_term_string}\"},\"query-input\":{\"@type\":\"PropertyValueSpecification\",\"valueRequired\":true,\"valueName\":\"search_term_string\"}}],\"inLanguage\":\"es\"},{\"@type\":\"Organization\",\"@id\":\"https:\/\/gobiernoparroquiallaunion.gob.ec\/azuay\/#organization\",\"name\":\"GAD Parroquial La Uni\u00f3n\",\"url\":\"https:\/\/gobiernoparroquiallaunion.gob.ec\/azuay\/\",\"logo\":{\"@type\":\"ImageObject\",\"inLanguage\":\"es\",\"@id\":\"https:\/\/gobiernoparroquiallaunion.gob.ec\/azuay\/#\/schema\/logo\/image\/\",\"url\":\"https:\/\/gobiernoparroquiallaunion.gob.ec\/azuay\/wp-content\/uploads\/2020\/06\/logoFooter-Recuperado.png\",\"contentUrl\":\"https:\/\/gobiernoparroquiallaunion.gob.ec\/azuay\/wp-content\/uploads\/2020\/06\/logoFooter-Recuperado.png\",\"width\":200,\"height\":150,\"caption\":\"GAD Parroquial La Uni\u00f3n\"},\"image\":{\"@id\":\"https:\/\/gobiernoparroquiallaunion.gob.ec\/azuay\/#\/schema\/logo\/image\/\"}}]}<\/script>\n<!-- \/ Yoast SEO plugin. -->","yoast_head_json":{"title":"Rendici\u00f3n de Cuentas 2020 - GAD parroquial La Uni\u00f3n","robots":{"index":"index","follow":"follow","max-snippet":"max-snippet:-1","max-image-preview":"max-image-preview:large","max-video-preview":"max-video-preview:-1"},"canonical":"https:\/\/gobiernoparroquiallaunion.gob.ec\/azuay\/rendicion-de-cuentas-2020\/","og_locale":"es_ES","og_type":"article","og_title":"Rendici\u00f3n de Cuentas 2020 - GAD parroquial La Uni\u00f3n","og_description":"&nbsp; EJECUCI\u00d3N PROGRAM\u00c1TICA OBJETIVOS PDOT PLAN DE TRABAJO PRESIDENTE (OFERTA ELECTORAL) PLAN DE TRABAJO PRESIDENTE CUMPLIMIENTO DE EJECUCI\u00d3N PRESUPUESTARIA DESCRIPCI\u00d3N DE RESULTADO POA POR META \/ PROGRAMA O PROYECTO cedula gastos proyecto atencion personas con discapacidad 2020 cedula gastos adecuacion ba\u00f1os publicos centro la union 2020 cedula gastos convenio alumbrado publico cuchil 2020 cedula gastos [&hellip;]","og_url":"https:\/\/gobiernoparroquiallaunion.gob.ec\/azuay\/rendicion-de-cuentas-2020\/","og_site_name":"GAD parroquial La Uni\u00f3n","article_modified_time":"2022-05-27T20:38:53+00:00","twitter_card":"summary_large_image","twitter_misc":{"Tiempo de lectura":"3 minutos"},"schema":{"@context":"https:\/\/schema.org","@graph":[{"@type":"WebPage","@id":"https:\/\/gobiernoparroquiallaunion.gob.ec\/azuay\/rendicion-de-cuentas-2020\/","url":"https:\/\/gobiernoparroquiallaunion.gob.ec\/azuay\/rendicion-de-cuentas-2020\/","name":"Rendici\u00f3n de Cuentas 2020 - GAD parroquial La Uni\u00f3n","isPartOf":{"@id":"https:\/\/gobiernoparroquiallaunion.gob.ec\/azuay\/#website"},"datePublished":"2020-01-20T01:00:30+00:00","dateModified":"2022-05-27T20:38:53+00:00","breadcrumb":{"@id":"https:\/\/gobiernoparroquiallaunion.gob.ec\/azuay\/rendicion-de-cuentas-2020\/#breadcrumb"},"inLanguage":"es","potentialAction":[{"@type":"ReadAction","target":["https:\/\/gobiernoparroquiallaunion.gob.ec\/azuay\/rendicion-de-cuentas-2020\/"]}]},{"@type":"BreadcrumbList","@id":"https:\/\/gobiernoparroquiallaunion.gob.ec\/azuay\/rendicion-de-cuentas-2020\/#breadcrumb","itemListElement":[{"@type":"ListItem","position":1,"name":"Portada","item":"https:\/\/gobiernoparroquiallaunion.gob.ec\/azuay\/"},{"@type":"ListItem","position":2,"name":"Rendici\u00f3n de Cuentas 2020"}]},{"@type":"WebSite","@id":"https:\/\/gobiernoparroquiallaunion.gob.ec\/azuay\/#website","url":"https:\/\/gobiernoparroquiallaunion.gob.ec\/azuay\/","name":"GAD parroquial La Uni\u00f3n","description":"Sitio Oficial del GAD Parroquial La Uni\u00f3n Azuay","publisher":{"@id":"https:\/\/gobiernoparroquiallaunion.gob.ec\/azuay\/#organization"},"potentialAction":[{"@type":"SearchAction","target":{"@type":"EntryPoint","urlTemplate":"https:\/\/gobiernoparroquiallaunion.gob.ec\/azuay\/?s={search_term_string}"},"query-input":{"@type":"PropertyValueSpecification","valueRequired":true,"valueName":"search_term_string"}}],"inLanguage":"es"},{"@type":"Organization","@id":"https:\/\/gobiernoparroquiallaunion.gob.ec\/azuay\/#organization","name":"GAD Parroquial La Uni\u00f3n","url":"https:\/\/gobiernoparroquiallaunion.gob.ec\/azuay\/","logo":{"@type":"ImageObject","inLanguage":"es","@id":"https:\/\/gobiernoparroquiallaunion.gob.ec\/azuay\/#\/schema\/logo\/image\/","url":"https:\/\/gobiernoparroquiallaunion.gob.ec\/azuay\/wp-content\/uploads\/2020\/06\/logoFooter-Recuperado.png","contentUrl":"https:\/\/gobiernoparroquiallaunion.gob.ec\/azuay\/wp-content\/uploads\/2020\/06\/logoFooter-Recuperado.png","width":200,"height":150,"caption":"GAD Parroquial La Uni\u00f3n"},"image":{"@id":"https:\/\/gobiernoparroquiallaunion.gob.ec\/azuay\/#\/schema\/logo\/image\/"}}]}},"_links":{"self":[{"href":"https:\/\/gobiernoparroquiallaunion.gob.ec\/azuay\/wp-json\/wp\/v2\/pages\/1084","targetHints":{"allow":["GET"]}}],"collection":[{"href":"https:\/\/gobiernoparroquiallaunion.gob.ec\/azuay\/wp-json\/wp\/v2\/pages"}],"about":[{"href":"https:\/\/gobiernoparroquiallaunion.gob.ec\/azuay\/wp-json\/wp\/v2\/types\/page"}],"author":[{"embeddable":true,"href":"https:\/\/gobiernoparroquiallaunion.gob.ec\/azuay\/wp-json\/wp\/v2\/users\/6"}],"replies":[{"embeddable":true,"href":"https:\/\/gobiernoparroquiallaunion.gob.ec\/azuay\/wp-json\/wp\/v2\/comments?post=1084"}],"version-history":[{"count":29,"href":"https:\/\/gobiernoparroquiallaunion.gob.ec\/azuay\/wp-json\/wp\/v2\/pages\/1084\/revisions"}],"predecessor-version":[{"id":1531,"href":"https:\/\/gobiernoparroquiallaunion.gob.ec\/azuay\/wp-json\/wp\/v2\/pages\/1084\/revisions\/1531"}],"wp:attachment":[{"href":"https:\/\/gobiernoparroquiallaunion.gob.ec\/azuay\/wp-json\/wp\/v2\/media?parent=1084"}],"curies":[{"name":"wp","href":"https:\/\/api.w.org\/{rel}","templated":true}]}}