{"id":1229,"date":"2018-01-15T15:24:13","date_gmt":"2018-01-15T19:24:13","guid":{"rendered":"https:\/\/gobiernoparroquiallaunion.gob.ec\/azuay\/?page_id=1229"},"modified":"2020-10-29T15:45:25","modified_gmt":"2020-10-29T19:45:25","slug":"sector-vulnerable","status":"publish","type":"page","link":"https:\/\/gobiernoparroquiallaunion.gob.ec\/azuay\/sector-vulnerable\/","title":{"rendered":"Sector Vulnerable"},"content":{"rendered":"[vc_row][vc_column][vc_accordion collapsible=&#8221;&#8221; disable_keyboard=&#8221;&#8221;][vc_accordion_tab title=&#8221;Sector Vulnerable&#8221;][vc_wp_text]Click en el proyecto a consultar[\/vc_wp_text][\/vc_accordion_tab][vc_accordion_tab title=&#8221;Adulto Mayor&#8221;][vc_wp_text]\n<h2>Atenci\u00f3n<strong>\u00a0a Personas Adultas Mayores<\/strong><\/h2>\n<ul>\n<li><a href=\"https:\/\/gobiernoparroquiallaunion.gob.ec\/azuay\/atencion-intergeneracional-al-adulto-mayor-en-espacios-activos\/\">Atenci\u00f3n al Adulto Mayor en Espacios Activos en convenio con el MIES<\/a><\/li>\n<\/ul>\n[\/vc_wp_text][\/vc_accordion_tab][vc_accordion_tab title=&#8221;Personas con Discapacidad&#8221;][vc_wp_text]\n<h2>Atenci\u00f3n<strong>\u00a0a Personas Con discapacidad<\/strong><\/h2>\n<ul>\n<li><a href=\"https:\/\/gobiernoparroquiallaunion.gob.ec\/azuay\/atencion-discapacidades\/\">Atenci\u00f3n a Personas con Discapacidad en convenio con el GAD Municipal de Chordeleg<\/a><\/li>\n<\/ul>\n[\/vc_wp_text][\/vc_accordion_tab][vc_accordion_tab title=&#8221;Ni\u00f1ez y Adolescencia&#8221;][vc_wp_text]\n<h2><strong>Colonias Vacacionales 2019<\/strong><\/h2>\n<ul>\n<li><a href=\"https:\/\/gobiernoparroquiallaunion.gob.ec\/azuay\/colonias-vacacionales-2019\/\">Atenci\u00f3n a ni\u00f1os, j\u00f3venes y Adolescentes durante el tiempo de Vacaciones<\/a><\/li>\n<\/ul>\n[\/vc_wp_text][\/vc_accordion_tab][\/vc_accordion][vc_column_text][\/vc_column_text][\/vc_column][\/vc_row]\n","protected":false},"excerpt":{"rendered":"<p>[vc_row][vc_column][vc_accordion collapsible=&#8221;&#8221; disable_keyboard=&#8221;&#8221;][vc_accordion_tab title=&#8221;Sector Vulnerable&#8221;][vc_wp_text]Click en el proyecto a consultar[\/vc_wp_text][\/vc_accordion_tab][vc_accordion_tab title=&#8221;Adulto Mayor&#8221;][vc_wp_text] Atenci\u00f3n\u00a0a Personas Adultas Mayores Atenci\u00f3n al Adulto Mayor en Espacios Activos en convenio con el MIES [\/vc_wp_text][\/vc_accordion_tab][vc_accordion_tab title=&#8221;Personas con Discapacidad&#8221;][vc_wp_text] Atenci\u00f3n\u00a0a Personas Con discapacidad Atenci\u00f3n a Personas con Discapacidad en convenio con el GAD Municipal de Chordeleg [\/vc_wp_text][\/vc_accordion_tab][vc_accordion_tab title=&#8221;Ni\u00f1ez y Adolescencia&#8221;][vc_wp_text] Colonias Vacacionales [&hellip;]<\/p>\n","protected":false},"author":7,"featured_media":0,"parent":0,"menu_order":0,"comment_status":"closed","ping_status":"closed","template":"","meta":{"footnotes":""},"class_list":["post-1229","page","type-page","status-publish","hentry"],"yoast_head":"<!-- This site is optimized with the Yoast SEO plugin v24.1 - https:\/\/yoast.com\/wordpress\/plugins\/seo\/ -->\n<title>Sector Vulnerable - GAD parroquial La Uni\u00f3n<\/title>\n<meta name=\"robots\" content=\"index, follow, max-snippet:-1, max-image-preview:large, max-video-preview:-1\" \/>\n<link rel=\"canonical\" href=\"https:\/\/gobiernoparroquiallaunion.gob.ec\/azuay\/sector-vulnerable\/\" \/>\n<meta property=\"og:locale\" content=\"es_ES\" \/>\n<meta property=\"og:type\" content=\"article\" \/>\n<meta property=\"og:title\" content=\"Sector Vulnerable - GAD parroquial La Uni\u00f3n\" \/>\n<meta property=\"og:description\" content=\"[vc_row][vc_column][vc_accordion collapsible=&#8221;&#8221; disable_keyboard=&#8221;&#8221;][vc_accordion_tab title=&#8221;Sector Vulnerable&#8221;][vc_wp_text]Click en el proyecto a consultar[\/vc_wp_text][\/vc_accordion_tab][vc_accordion_tab title=&#8221;Adulto Mayor&#8221;][vc_wp_text] Atenci\u00f3n\u00a0a Personas Adultas Mayores Atenci\u00f3n al Adulto Mayor en Espacios Activos en convenio con el MIES [\/vc_wp_text][\/vc_accordion_tab][vc_accordion_tab title=&#8221;Personas con Discapacidad&#8221;][vc_wp_text] Atenci\u00f3n\u00a0a Personas Con discapacidad Atenci\u00f3n a Personas con Discapacidad en convenio con el GAD Municipal de Chordeleg [\/vc_wp_text][\/vc_accordion_tab][vc_accordion_tab title=&#8221;Ni\u00f1ez y Adolescencia&#8221;][vc_wp_text] Colonias Vacacionales [&hellip;]\" \/>\n<meta property=\"og:url\" content=\"https:\/\/gobiernoparroquiallaunion.gob.ec\/azuay\/sector-vulnerable\/\" \/>\n<meta property=\"og:site_name\" content=\"GAD parroquial La Uni\u00f3n\" \/>\n<meta property=\"article:modified_time\" content=\"2020-10-29T19:45:25+00:00\" \/>\n<meta name=\"twitter:card\" content=\"summary_large_image\" \/>\n<meta name=\"twitter:label1\" content=\"Tiempo de lectura\" \/>\n\t<meta name=\"twitter:data1\" content=\"1 minuto\" \/>\n<script type=\"application\/ld+json\" class=\"yoast-schema-graph\">{\"@context\":\"https:\/\/schema.org\",\"@graph\":[{\"@type\":\"WebPage\",\"@id\":\"https:\/\/gobiernoparroquiallaunion.gob.ec\/azuay\/sector-vulnerable\/\",\"url\":\"https:\/\/gobiernoparroquiallaunion.gob.ec\/azuay\/sector-vulnerable\/\",\"name\":\"Sector Vulnerable - GAD parroquial La Uni\u00f3n\",\"isPartOf\":{\"@id\":\"https:\/\/gobiernoparroquiallaunion.gob.ec\/azuay\/#website\"},\"datePublished\":\"2018-01-15T19:24:13+00:00\",\"dateModified\":\"2020-10-29T19:45:25+00:00\",\"breadcrumb\":{\"@id\":\"https:\/\/gobiernoparroquiallaunion.gob.ec\/azuay\/sector-vulnerable\/#breadcrumb\"},\"inLanguage\":\"es\",\"potentialAction\":[{\"@type\":\"ReadAction\",\"target\":[\"https:\/\/gobiernoparroquiallaunion.gob.ec\/azuay\/sector-vulnerable\/\"]}]},{\"@type\":\"BreadcrumbList\",\"@id\":\"https:\/\/gobiernoparroquiallaunion.gob.ec\/azuay\/sector-vulnerable\/#breadcrumb\",\"itemListElement\":[{\"@type\":\"ListItem\",\"position\":1,\"name\":\"Portada\",\"item\":\"https:\/\/gobiernoparroquiallaunion.gob.ec\/azuay\/\"},{\"@type\":\"ListItem\",\"position\":2,\"name\":\"Sector Vulnerable\"}]},{\"@type\":\"WebSite\",\"@id\":\"https:\/\/gobiernoparroquiallaunion.gob.ec\/azuay\/#website\",\"url\":\"https:\/\/gobiernoparroquiallaunion.gob.ec\/azuay\/\",\"name\":\"GAD parroquial La Uni\u00f3n\",\"description\":\"Sitio Oficial del GAD Parroquial La Uni\u00f3n Azuay\",\"publisher\":{\"@id\":\"https:\/\/gobiernoparroquiallaunion.gob.ec\/azuay\/#organization\"},\"potentialAction\":[{\"@type\":\"SearchAction\",\"target\":{\"@type\":\"EntryPoint\",\"urlTemplate\":\"https:\/\/gobiernoparroquiallaunion.gob.ec\/azuay\/?s={search_term_string}\"},\"query-input\":{\"@type\":\"PropertyValueSpecification\",\"valueRequired\":true,\"valueName\":\"search_term_string\"}}],\"inLanguage\":\"es\"},{\"@type\":\"Organization\",\"@id\":\"https:\/\/gobiernoparroquiallaunion.gob.ec\/azuay\/#organization\",\"name\":\"GAD Parroquial La Uni\u00f3n\",\"url\":\"https:\/\/gobiernoparroquiallaunion.gob.ec\/azuay\/\",\"logo\":{\"@type\":\"ImageObject\",\"inLanguage\":\"es\",\"@id\":\"https:\/\/gobiernoparroquiallaunion.gob.ec\/azuay\/#\/schema\/logo\/image\/\",\"url\":\"https:\/\/gobiernoparroquiallaunion.gob.ec\/azuay\/wp-content\/uploads\/2020\/06\/logoFooter-Recuperado.png\",\"contentUrl\":\"https:\/\/gobiernoparroquiallaunion.gob.ec\/azuay\/wp-content\/uploads\/2020\/06\/logoFooter-Recuperado.png\",\"width\":200,\"height\":150,\"caption\":\"GAD Parroquial La Uni\u00f3n\"},\"image\":{\"@id\":\"https:\/\/gobiernoparroquiallaunion.gob.ec\/azuay\/#\/schema\/logo\/image\/\"}}]}<\/script>\n<!-- \/ Yoast SEO plugin. -->","yoast_head_json":{"title":"Sector Vulnerable - GAD parroquial La Uni\u00f3n","robots":{"index":"index","follow":"follow","max-snippet":"max-snippet:-1","max-image-preview":"max-image-preview:large","max-video-preview":"max-video-preview:-1"},"canonical":"https:\/\/gobiernoparroquiallaunion.gob.ec\/azuay\/sector-vulnerable\/","og_locale":"es_ES","og_type":"article","og_title":"Sector Vulnerable - GAD parroquial La Uni\u00f3n","og_description":"[vc_row][vc_column][vc_accordion collapsible=&#8221;&#8221; disable_keyboard=&#8221;&#8221;][vc_accordion_tab title=&#8221;Sector Vulnerable&#8221;][vc_wp_text]Click en el proyecto a consultar[\/vc_wp_text][\/vc_accordion_tab][vc_accordion_tab title=&#8221;Adulto Mayor&#8221;][vc_wp_text] Atenci\u00f3n\u00a0a Personas Adultas Mayores Atenci\u00f3n al Adulto Mayor en Espacios Activos en convenio con el MIES [\/vc_wp_text][\/vc_accordion_tab][vc_accordion_tab title=&#8221;Personas con Discapacidad&#8221;][vc_wp_text] Atenci\u00f3n\u00a0a Personas Con discapacidad Atenci\u00f3n a Personas con Discapacidad en convenio con el GAD Municipal de Chordeleg [\/vc_wp_text][\/vc_accordion_tab][vc_accordion_tab title=&#8221;Ni\u00f1ez y Adolescencia&#8221;][vc_wp_text] Colonias Vacacionales [&hellip;]","og_url":"https:\/\/gobiernoparroquiallaunion.gob.ec\/azuay\/sector-vulnerable\/","og_site_name":"GAD parroquial La Uni\u00f3n","article_modified_time":"2020-10-29T19:45:25+00:00","twitter_card":"summary_large_image","twitter_misc":{"Tiempo de lectura":"1 minuto"},"schema":{"@context":"https:\/\/schema.org","@graph":[{"@type":"WebPage","@id":"https:\/\/gobiernoparroquiallaunion.gob.ec\/azuay\/sector-vulnerable\/","url":"https:\/\/gobiernoparroquiallaunion.gob.ec\/azuay\/sector-vulnerable\/","name":"Sector Vulnerable - GAD parroquial La Uni\u00f3n","isPartOf":{"@id":"https:\/\/gobiernoparroquiallaunion.gob.ec\/azuay\/#website"},"datePublished":"2018-01-15T19:24:13+00:00","dateModified":"2020-10-29T19:45:25+00:00","breadcrumb":{"@id":"https:\/\/gobiernoparroquiallaunion.gob.ec\/azuay\/sector-vulnerable\/#breadcrumb"},"inLanguage":"es","potentialAction":[{"@type":"ReadAction","target":["https:\/\/gobiernoparroquiallaunion.gob.ec\/azuay\/sector-vulnerable\/"]}]},{"@type":"BreadcrumbList","@id":"https:\/\/gobiernoparroquiallaunion.gob.ec\/azuay\/sector-vulnerable\/#breadcrumb","itemListElement":[{"@type":"ListItem","position":1,"name":"Portada","item":"https:\/\/gobiernoparroquiallaunion.gob.ec\/azuay\/"},{"@type":"ListItem","position":2,"name":"Sector Vulnerable"}]},{"@type":"WebSite","@id":"https:\/\/gobiernoparroquiallaunion.gob.ec\/azuay\/#website","url":"https:\/\/gobiernoparroquiallaunion.gob.ec\/azuay\/","name":"GAD parroquial La Uni\u00f3n","description":"Sitio Oficial del GAD Parroquial La Uni\u00f3n Azuay","publisher":{"@id":"https:\/\/gobiernoparroquiallaunion.gob.ec\/azuay\/#organization"},"potentialAction":[{"@type":"SearchAction","target":{"@type":"EntryPoint","urlTemplate":"https:\/\/gobiernoparroquiallaunion.gob.ec\/azuay\/?s={search_term_string}"},"query-input":{"@type":"PropertyValueSpecification","valueRequired":true,"valueName":"search_term_string"}}],"inLanguage":"es"},{"@type":"Organization","@id":"https:\/\/gobiernoparroquiallaunion.gob.ec\/azuay\/#organization","name":"GAD Parroquial La Uni\u00f3n","url":"https:\/\/gobiernoparroquiallaunion.gob.ec\/azuay\/","logo":{"@type":"ImageObject","inLanguage":"es","@id":"https:\/\/gobiernoparroquiallaunion.gob.ec\/azuay\/#\/schema\/logo\/image\/","url":"https:\/\/gobiernoparroquiallaunion.gob.ec\/azuay\/wp-content\/uploads\/2020\/06\/logoFooter-Recuperado.png","contentUrl":"https:\/\/gobiernoparroquiallaunion.gob.ec\/azuay\/wp-content\/uploads\/2020\/06\/logoFooter-Recuperado.png","width":200,"height":150,"caption":"GAD Parroquial La Uni\u00f3n"},"image":{"@id":"https:\/\/gobiernoparroquiallaunion.gob.ec\/azuay\/#\/schema\/logo\/image\/"}}]}},"_links":{"self":[{"href":"https:\/\/gobiernoparroquiallaunion.gob.ec\/azuay\/wp-json\/wp\/v2\/pages\/1229","targetHints":{"allow":["GET"]}}],"collection":[{"href":"https:\/\/gobiernoparroquiallaunion.gob.ec\/azuay\/wp-json\/wp\/v2\/pages"}],"about":[{"href":"https:\/\/gobiernoparroquiallaunion.gob.ec\/azuay\/wp-json\/wp\/v2\/types\/page"}],"author":[{"embeddable":true,"href":"https:\/\/gobiernoparroquiallaunion.gob.ec\/azuay\/wp-json\/wp\/v2\/users\/7"}],"replies":[{"embeddable":true,"href":"https:\/\/gobiernoparroquiallaunion.gob.ec\/azuay\/wp-json\/wp\/v2\/comments?post=1229"}],"version-history":[{"count":4,"href":"https:\/\/gobiernoparroquiallaunion.gob.ec\/azuay\/wp-json\/wp\/v2\/pages\/1229\/revisions"}],"predecessor-version":[{"id":1236,"href":"https:\/\/gobiernoparroquiallaunion.gob.ec\/azuay\/wp-json\/wp\/v2\/pages\/1229\/revisions\/1236"}],"wp:attachment":[{"href":"https:\/\/gobiernoparroquiallaunion.gob.ec\/azuay\/wp-json\/wp\/v2\/media?parent=1229"}],"curies":[{"name":"wp","href":"https:\/\/api.w.org\/{rel}","templated":true}]}}