{"id":1437,"date":"2022-01-11T09:34:19","date_gmt":"2022-01-11T13:34:19","guid":{"rendered":"https:\/\/gobiernoparroquiallaunion.gob.ec\/azuay\/?page_id=1437"},"modified":"2023-06-22T17:29:55","modified_gmt":"2023-06-22T21:29:55","slug":"rendicion-de-cuentas-2022","status":"publish","type":"page","link":"https:\/\/gobiernoparroquiallaunion.gob.ec\/azuay\/rendicion-de-cuentas-2022\/","title":{"rendered":"Rendici\u00f3n de Cuentas 2022"},"content":{"rendered":"<p><strong>EJECUCI\u00d3N PROGRAM\u00c1TICA<\/strong><\/p>\n<p><strong><a href=\"https:\/\/gobiernoparroquiallaunion.gob.ec\/azuay\/rendicion-de-cuentas-2022\/pdot-sigad\/\" rel=\"attachment wp-att-1848\">PDOT SIGAD<\/a><\/strong><\/p>\n<p><strong>PLAN DE TRABAJO PRESIDENTE (OFERTA ELECTORAL)<\/strong><\/p>\n<p><a href=\"https:\/\/gobiernoparroquiallaunion.gob.ec\/azuay\/rendicion-de-cuentas-2020\/plan-de-trabajo-presidente\/\" rel=\"attachment wp-att-1326\">PLAN DE TRABAJO PRESIDENTE<\/a><\/p>\n<p><strong>CUMPLIMIENTO DE EJECUCI\u00d3N PRESUPUESTARIA<\/strong><\/p>\n<p><strong>DESCRIPCI\u00d3N DE RESULTADO POA POR META \/ PROGRAMA O PROYECTO<\/strong><\/p>\n<p><strong>PRESUPUESTO DE LA INSTITUCI\u00d3N<\/strong><\/p>\n<p><a href=\"https:\/\/gobiernoparroquiallaunion.gob.ec\/azuay\/rendicion-de-cuentas-2022\/cedulagastos2022-adq-de-maquina-retro-y-volquete\/\" rel=\"attachment wp-att-1822\">cedulagastos2022 adq de maquina retro y volquete <\/a><\/p>\n<p><a href=\"https:\/\/gobiernoparroquiallaunion.gob.ec\/azuay\/rendicion-de-cuentas-2022\/cedulagastos2022-asesoria-tecnica\/\" rel=\"attachment wp-att-1824\">cedulagastos2022 asesoria tecnica<\/a><\/p>\n<p><a href=\"https:\/\/gobiernoparroquiallaunion.gob.ec\/azuay\/rendicion-de-cuentas-2022\/cedulagastos2022-atencion-a-personas-con-discapacidad\/\" rel=\"attachment wp-att-1825\">cedulagastos2022 atencion a personas con discapacidad<\/a><\/p>\n<p><a href=\"https:\/\/gobiernoparroquiallaunion.gob.ec\/azuay\/rendicion-de-cuentas-2022\/cedulagastos2022-bacheo-asfaltico\/\" rel=\"attachment wp-att-1826\">cedulagastos2022 bacheo asfaltico<\/a><\/p>\n<p><a href=\"https:\/\/gobiernoparroquiallaunion.gob.ec\/azuay\/rendicion-de-cuentas-2022\/cedulagastos2022-cementerio-1-etapa\/\" rel=\"attachment wp-att-1827\">cedulagastos2022 cementerio 1 etapa<\/a><\/p>\n<p><a href=\"https:\/\/gobiernoparroquiallaunion.gob.ec\/azuay\/rendicion-de-cuentas-2022\/cedulagastos2022-cultura-y-civismo-la-union\/\" rel=\"attachment wp-att-1828\">cedulagastos2022 cultura y civismo la union<\/a><\/p>\n<p><a href=\"https:\/\/gobiernoparroquiallaunion.gob.ec\/azuay\/rendicion-de-cuentas-2022\/cedulagastos2022-equidad-y-genero-guaylo\/\" rel=\"attachment wp-att-1829\">cedulagastos2022 equidad y genero guaylo<\/a><\/p>\n<p><a href=\"https:\/\/gobiernoparroquiallaunion.gob.ec\/azuay\/rendicion-de-cuentas-2022\/cedulagastos2022-equipamiento-del-gad-parroquial\/\" rel=\"attachment wp-att-1830\">cedulagastos2022 equipamiento del gad parroquial<\/a><\/p>\n<p><a href=\"https:\/\/gobiernoparroquiallaunion.gob.ec\/azuay\/rendicion-de-cuentas-2022\/cedulagastos2022-eventos-sociales-sector-vulnerable\/\" rel=\"attachment wp-att-1831\">cedulagastos2022 eventos sociales sector vulnerable<\/a><\/p>\n<p><a href=\"https:\/\/gobiernoparroquiallaunion.gob.ec\/azuay\/rendicion-de-cuentas-2022\/cedulagastos2022-fomento-a-la-productividad\/\" rel=\"attachment wp-att-1832\">cedulagastos2022 fomento a la productividad<\/a><\/p>\n<p><a href=\"https:\/\/gobiernoparroquiallaunion.gob.ec\/azuay\/rendicion-de-cuentas-2022\/cedulagastos2022-fomento-y-promocion-de-la-minga-comunitaria\/\" rel=\"attachment wp-att-1833\">cedulagastos2022 fomento y promocion de la minga comunitaria<\/a><\/p>\n<p><a href=\"https:\/\/gobiernoparroquiallaunion.gob.ec\/azuay\/rendicion-de-cuentas-2022\/cedulagastos2022-implementos-asociacion-joyeros\/\" rel=\"attachment wp-att-1834\">cedulagastos2022 implementos asociacion joyeros<\/a><\/p>\n<p><a href=\"https:\/\/gobiernoparroquiallaunion.gob.ec\/azuay\/rendicion-de-cuentas-2022\/cedulagastos2022-infocentro\/\" rel=\"attachment wp-att-1835\">cedulagastos2022 infocentro<\/a><\/p>\n<p><a href=\"https:\/\/gobiernoparroquiallaunion.gob.ec\/azuay\/rendicion-de-cuentas-2022\/cedulagastos2022-mant-de-espacios-publicos\/\" rel=\"attachment wp-att-1836\">cedulagastos2022 mant de espacios publicos<\/a><\/p>\n<p><a href=\"https:\/\/gobiernoparroquiallaunion.gob.ec\/azuay\/rendicion-de-cuentas-2022\/cedulagastos2022-mant-vias-cunetas-y-pasos-fluviales\/\" rel=\"attachment wp-att-1837\">cedulagastos2022 mant vias cunetas y pasos fluviales<\/a><\/p>\n<p><a href=\"https:\/\/gobiernoparroquiallaunion.gob.ec\/azuay\/rendicion-de-cuentas-2022\/cedulagastos2022-medio-ambiente\/\" rel=\"attachment wp-att-1838\">cedulagastos2022 medio ambiente<\/a><\/p>\n<p><a href=\"https:\/\/gobiernoparroquiallaunion.gob.ec\/azuay\/rendicion-de-cuentas-2022\/cedulagastos2022-mejoramiento-de-l-via-gulag\/\" rel=\"attachment wp-att-1839\">cedulagastos2022 mejoramiento de l via gulag<\/a><\/p>\n<p><a href=\"https:\/\/gobiernoparroquiallaunion.gob.ec\/azuay\/rendicion-de-cuentas-2022\/cedulagastos2022-mejoramiento-de-la-via-allpapana\/\" rel=\"attachment wp-att-1840\">cedulagastos2022 mejoramiento de la via allpapana<\/a><\/p>\n<p><a href=\"https:\/\/gobiernoparroquiallaunion.gob.ec\/azuay\/rendicion-de-cuentas-2022\/cedulagastos2022-parque-recreativo\/\" rel=\"attachment wp-att-1841\">cedulagastos2022 parque recreativo<\/a><\/p>\n<p><a href=\"https:\/\/gobiernoparroquiallaunion.gob.ec\/azuay\/rendicion-de-cuentas-2022\/cedulagastos2022-personal-limpieza-espacios-publicos\/\" rel=\"attachment wp-att-1842\">cedulagastos2022 personal limpieza espacios publicos<\/a><\/p>\n<p><a href=\"https:\/\/gobiernoparroquiallaunion.gob.ec\/azuay\/rendicion-de-cuentas-2022\/cedulagastos2022-rescate-a-las-tradiciones-ancestrales-y-culturales\/\" rel=\"attachment wp-att-1843\">cedulagastos2022 RESCATE A LAS TRADICIONES ANCESTRALES Y CULTURALES<\/a><\/p>\n<p><a href=\"https:\/\/gobiernoparroquiallaunion.gob.ec\/azuay\/rendicion-de-cuentas-2022\/cedulagastos2022-serv-de-personal-para-mant-de-alcantarillado\/\" rel=\"attachment wp-att-1844\">cedulagastos2022 serv de personal para mant de alcantarillado<\/a><\/p>\n<p><a href=\"https:\/\/gobiernoparroquiallaunion.gob.ec\/azuay\/rendicion-de-cuentas-2022\/cedulagastos2022-turismo\/\" rel=\"attachment wp-att-1845\">cedulagastos2022 turismo<\/a><\/p>\n<p><a href=\"https:\/\/gobiernoparroquiallaunion.gob.ec\/azuay\/rendicion-de-cuentas-2022\/cedulagastos2022adulto-mayor\/\" rel=\"attachment wp-att-1846\">cedulagastos2022adulto mayor<\/a><\/p>\n<p>&nbsp;<\/p>\n<p><strong>C\u00c9DULA PRESUPUESTARIA DE INGRESOS<\/strong><\/p>\n<p><strong><a href=\"https:\/\/gobiernoparroquiallaunion.gob.ec\/azuay\/rendicion-de-cuentas-2022\/cedula-presupuestaria-de-ingresos\/\" rel=\"attachment wp-att-1850\">CEDULA PRESUPUESTARIA DE INGRESOS<\/a><\/strong><\/p>\n<p><strong>C\u00c9DULA PRESUPUESTARIA DE GASTOS<\/strong><\/p>\n<p><strong><a href=\"https:\/\/gobiernoparroquiallaunion.gob.ec\/azuay\/rendicion-de-cuentas-2022\/cedula-presupuestaria-de-gastos-2022\/\" rel=\"attachment wp-att-1851\">CEDULA PRESUPUESTARIA DE GASTOS 2022<\/a><\/strong><\/p>\n<p><strong>PRESUPUESTO PARTICIPATIVO<\/strong><\/p>\n<p><strong><a href=\"https:\/\/gobiernoparroquiallaunion.gob.ec\/azuay\/rendicion-de-cuentas-2022\/acta-asamblea-priorizacion-de-obras-2023\/\" rel=\"attachment wp-att-1875\">acta asamblea priorizaci\u00f3n de obras 2023<\/a><\/strong><\/p>\n<p><strong><a href=\"https:\/\/gobiernoparroquiallaunion.gob.ec\/azuay\/rendicion-de-cuentas-2022\/acta-presupuesto-participativo-2022\/\" rel=\"attachment wp-att-1854\">ACTA PRESUPUESTO PARTICIPATIVO 2022<\/a><\/strong><\/p>\n<p><strong>C\u00c9DULAS PRESUPUESTARIAS<\/strong><\/p>\n<p><strong><a href=\"https:\/\/gobiernoparroquiallaunion.gob.ec\/azuay\/rendicion-de-cuentas-2022\/cedulagastos2022-adq-de-maquina-retro-y-volquete-2\/\" rel=\"attachment wp-att-1855\">cedulagastos2022 adq de maquina retro y volquete<\/a><\/strong><\/p>\n<p><strong>PRESUPUESTO GRUPOS DE ATENCI\u00d3N PRIORITARIA<\/strong><\/p>\n<p><strong>ADULTO MAYOR<\/strong><\/p>\n<p><strong><a href=\"https:\/\/gobiernoparroquiallaunion.gob.ec\/azuay\/rendicion-de-cuentas-2022\/cedulagastos2022adulto-mayor-2\/\" rel=\"attachment wp-att-1856\">cedulagastos2022adulto mayor<\/a><\/strong><\/p>\n<p><strong>NI\u00d1OS, NI\u00d1AS Y ADOLESCENTES<\/strong><\/p>\n<p><strong><a href=\"https:\/\/gobiernoparroquiallaunion.gob.ec\/azuay\/rendicion-de-cuentas-2022\/cedulagastos2022-eventos-sociales-sector-vulnerable-2\/\" rel=\"attachment wp-att-1857\">cedulagastos2022 eventos sociales sector vulnerable<\/a><\/strong><\/p>\n<p><strong>PERSONAS CON DISCAPACIDAD<\/strong><\/p>\n<p><strong><a href=\"https:\/\/gobiernoparroquiallaunion.gob.ec\/azuay\/rendicion-de-cuentas-2022\/cedulagastos2022-atencion-a-personas-con-discapacidad-2\/\" rel=\"attachment wp-att-1858\">cedulagastos2022 atencion a personas con discapacidad<\/a><\/strong><\/p>\n<p><strong>COMPLEMENTACI\u00d3N DE POL\u00cdTICAS P\u00daBLICAS PARA LA IGUALDAD<\/strong><\/p>\n<p><strong>NO APLICA<\/strong><\/p>\n<p>&nbsp;<\/p>\n<p><strong>PARTICIPACI\u00d3N CIUDADANA<\/strong><\/p>\n<p><strong>NO APLICA<\/strong><\/p>\n<p>&nbsp;<\/p>\n<p><strong>MECANISMOS DE PARTICIPACI\u00d3N CIUDADANA<\/strong><\/p>\n<p><strong>NO APLICA<\/strong><\/p>\n<p>&nbsp;<\/p>\n<p><strong>ASAMBLEA CIUDADANA<\/strong><\/p>\n<p><strong>NO APLICA<\/strong><\/p>\n<p>&nbsp;<\/p>\n<p><strong>MECANISMOS DE CONTROL SOCIAL<\/strong><\/p>\n<p><strong>NO APLICA<\/strong><\/p>\n<p>&nbsp;<\/p>\n<p><strong>RENDICI\u00d3N DE CUENTAS<\/strong><\/p>\n<p><strong>FASE 1<\/strong><\/p>\n<p><a href=\"https:\/\/gobiernoparroquiallaunion.gob.ec\/azuay\/rendicion-de-cuentas-2022\/invitaciones-planificacion-rendicion-de-cuentas\/\" rel=\"attachment wp-att-1860\">invitaciones planificaci\u00f3n rendici\u00f3n de cuentas<\/a><\/p>\n<p><a href=\"https:\/\/gobiernoparroquiallaunion.gob.ec\/azuay\/rendicion-de-cuentas-2022\/asistencia-planificacion-rendicion-de-cuentas\/\" rel=\"attachment wp-att-1862\">Asistencia planificaci\u00f3n rendici\u00f3n de cuentas<\/a><\/p>\n<p><a href=\"https:\/\/gobiernoparroquiallaunion.gob.ec\/azuay\/rendicion-de-cuentas-2022\/acta-conformacion-equipo-mixto\/\" rel=\"attachment wp-att-1863\">ACTA CONFORMACION EQUIPO MIXTO<\/a><\/p>\n<p><strong><a href=\"https:\/\/gobiernoparroquiallaunion.gob.ec\/azuay\/rendicion-de-cuentas-2022\/acta-planificacion-rendicion-de-cuentas\/\" rel=\"attachment wp-att-1864\">ACTA PLANIFICACI\u00d3N rendici\u00f3n de cuentas<\/a><\/strong><\/p>\n<p><strong>FASE 2<\/strong><\/p>\n<p><a href=\"https:\/\/gobiernoparroquiallaunion.gob.ec\/azuay\/rendicion-de-cuentas-2022\/acta-reunion-equipo-mixto\/\" rel=\"attachment wp-att-1869\">acta reuni\u00f3n equipo mixto<\/a><\/p>\n<p><strong><a href=\"https:\/\/gobiernoparroquiallaunion.gob.ec\/azuay\/rendicion-de-cuentas-2022\/acta-planificacion-rendicion-de-cuentas\/\" rel=\"attachment wp-att-1864\">ACTA PLANIFICACI\u00d3N rendici\u00f3n de cuentas<\/a><\/strong><\/p>\n<p><strong><a href=\"https:\/\/gobiernoparroquiallaunion.gob.ec\/azuay\/rendicion-de-cuentas-2022\/autorizacion-formulario-cpccs-2\/\" rel=\"attachment wp-att-1868\">Autorizaci\u00f3n formulario CPCCS<\/a><\/strong><\/p>\n<p><strong><a href=\"https:\/\/gobiernoparroquiallaunion.gob.ec\/azuay\/rendicion-de-cuentas-2022\/rendicion-de-cuentas-2022-2\/\" rel=\"attachment wp-att-1867\">RENDICION DE CUENTAS 2022<\/a><\/strong><\/p>\n<p><strong><a href=\"https:\/\/gobiernoparroquiallaunion.gob.ec\/azuay\/rendicion-de-cuentas-2022\/formulario-gad-2023\/\" rel=\"attachment wp-att-1866\">FORMULARIO GAD 2023<\/a><\/strong><\/p>\n<p><strong>FASE 3<\/strong><\/p>\n<p><a href=\"https:\/\/gobiernoparroquiallaunion.gob.ec\/azuay\/rendicion-de-cuentas-2022\/invitaciones-deliberacion-publica\/\" rel=\"attachment wp-att-1871\">invitaciones deliberaci\u00f3n p\u00fablica<\/a><\/p>\n<p><a href=\"https:\/\/gobiernoparroquiallaunion.gob.ec\/azuay\/rendicion-de-cuentas-2022\/rendicion-de-cuentas-2022-2\/\" rel=\"attachment wp-att-1867\">RENDICION DE CUENTAS 2022<\/a><\/p>\n<p><a href=\"https:\/\/gobiernoparroquiallaunion.gob.ec\/azuay\/rendicion-de-cuentas-2022\/formularios-de-preguntas-2\/\" rel=\"attachment wp-att-1873\">Formularios de Preguntas<\/a><\/p>\n<p><a href=\"https:\/\/gobiernoparroquiallaunion.gob.ec\/azuay\/rendicion-de-cuentas-2022\/registro-de-asistencia-deliberacion-publica-2\/\" rel=\"attachment wp-att-1872\">Registro de Asistencia deliberaci\u00f3n p\u00fablica<\/a><\/p>\n<p><strong>FASE 4<\/strong><\/p>\n<p><strong><a href=\"https:\/\/gobiernoparroquiallaunion.gob.ec\/azuay\/rendicion-de-cuentas-2022\/formularios-de-sugerencias\/\" rel=\"attachment wp-att-1885\">Formularios de sugerencias<\/a><\/strong><\/p>\n<p><strong>DATOS DE LA DELIBERACI\u00d3N P\u00daBLICA Y EVALUACI\u00d3N CIUDADANA DE RENDICI\u00d3N DE CUENTAS<\/strong><\/p>\n<p>DESCRIBA LAS SUGERENCIAS CIUDADANAS PLANTEADAS A LA GESTI\u00d3N DEL GAD EN LA DELIBERACI\u00d3N P\u00daBLICA Y EVALUACI\u00d3N CIUDADANA:<\/p>\n<p><a href=\"https:\/\/gobiernoparroquiallaunion.gob.ec\/azuay\/rendicion-de-cuentas-2022\/formularios-de-sugerencias\/\" rel=\"attachment wp-att-1885\">Formularios de sugerencias<\/a><\/p>\n<p>CUMPLIMIENTO DEL PLAN DE SUGERENCIAS CIUDADANAS DEL A\u00d1O ANTERIOR IMPLEMENTADAS EN LA GESTI\u00d3N INSTITUCIONAL<\/p>\n<p><strong><a href=\"https:\/\/gobiernoparroquiallaunion.gob.ec\/azuay\/rendicion-de-cuentas-2022\/cedulagastos2022adulto-mayor\/\" rel=\"attachment wp-att-1846\">cedulagastos2022adulto mayor<\/a><\/strong><\/p>\n<p><strong>DESCRIBA LAS SUGERENCIAS CIUDADANAS PLANTEADAS A LA GESTI\u00d3N DEL GAD EN LA DELIBERACI\u00d3N P\u00daBLICA Y EVALUACI\u00d3N CIUDADANA<\/strong><\/p>\n<p><strong>DIFUSI\u00d3N Y COMUNICACI\u00d3N DE LA GESTI\u00d3N INSTITUCIONAL<\/strong><\/p>\n<p><strong>NO APLICA<\/strong><\/p>\n<p><strong>TRANSPARENCIA Y ACCESO A LA INFORMACI\u00d3N DE LA GESTI\u00d3N INSTITUCIONAL Y DE SU RENDICI\u00d3N DE CUENTAS<\/strong><\/p>\n<p><iframe loading=\"lazy\" class=\"wp-embedded-content\" title=\"\u00ab2020\u00bb \u2014 GAD parroquial La Uni\u00f3n\" src=\"https:\/\/gobiernoparroquiallaunion.gob.ec\/azuay\/2020-2\/embed\/#?secret=55lyIjInaU\" width=\"500\" height=\"200\" frameborder=\"0\" marginwidth=\"0\" marginheight=\"0\" scrolling=\"no\" sandbox=\"allow-scripts\" data-secret=\"55lyIjInaU\" data-mce-fragment=\"1\"><\/iframe><\/p>\n<p><strong>ESTADO DE OBRAS P\u00daBLICAS DE ADMINISTRACIONES ANTERIORES<\/strong><\/p>\n<p><strong>NO APLICA<\/strong><\/p>\n<p><strong>PROCESOS DE CONTRATACI\u00d3N Y COMPRAS P\u00daBLICAS DE BIENES Y SERVICIOS<\/strong><\/p>\n<p><strong><a href=\"https:\/\/gobiernoparroquiallaunion.gob.ec\/azuay\/rendicion-de-cuentas-2022\/infimas-2022\/\" rel=\"attachment wp-att-1877\">Infimas 2022<\/a><\/strong><\/p>\n<p><strong><a href=\"https:\/\/gobiernoparroquiallaunion.gob.ec\/azuay\/rendicion-de-cuentas-2022\/actas-catalogo-2022\/\" rel=\"attachment wp-att-1878\">actas cat\u00e1logo 2022<\/a><\/strong><\/p>\n<p><strong><a href=\"https:\/\/gobiernoparroquiallaunion.gob.ec\/azuay\/rendicion-de-cuentas-2022\/subasta-inversa-acta-entrega-retroexcavadora\/\" rel=\"attachment wp-att-1881\">SUBASTA INVERSA ACTA ENTREGA RETROEXCAVADORA<\/a><\/strong><\/p>\n<p><strong><a href=\"https:\/\/gobiernoparroquiallaunion.gob.ec\/azuay\/rendicion-de-cuentas-2022\/menor-cuantia-obras-via-gulag\/\" rel=\"attachment wp-att-1882\">MENOR CUANTIA OBRAS VIA GULAG<\/a><\/strong><\/p>\n<p><strong><a href=\"https:\/\/gobiernoparroquiallaunion.gob.ec\/azuay\/rendicion-de-cuentas-2022\/acta-de-entrega-recepcion-joyeros-signed-signed2sguro-signed\/\" rel=\"attachment wp-att-1883\">Acta de entrega recepcion Joyeros-signed-signed(2)sguro-signed<\/a><\/strong><\/p>\n<p><strong>INFORMACI\u00d3N REFERENTE A LA ENAJENACI\u00d3N, DONACI\u00d3N Y EXPROPIACI\u00d3N DE BIENES<\/strong><\/p>\n<p><strong>NO APLICA<\/strong><\/p>\n<p><strong>INCORPORACI\u00d3N DE RECOMENDACIONES Y DICT\u00c1MENES POR PARTE DE LAS ENTIDADES DE LA FUNCI\u00d3N DE TRANSPARENCIA Y CONTROL SOCIAL Y LA PROCURADURIA GENERAL DEL ESTADO<\/strong><\/p>\n<p><strong>NO APLICA<\/strong><\/p>\n<p><a href=\"https:\/\/gobiernoparroquiallaunion.gob.ec\/azuay\/rendicion-de-cuentas-2022\/cumplimiento-tributario-manuel-sigua\/\" rel=\"attachment wp-att-1887\">cumplimiento tributario Manuel Sigua<\/a><\/p>\n<p><a href=\"https:\/\/gobiernoparroquiallaunion.gob.ec\/azuay\/rendicion-de-cuentas-2022\/certificado_cumplimiento_tributario1\/\" rel=\"attachment wp-att-1889\">Certificado_Cumplimiento_Tributario Carlos Jara<\/a><\/p>\n","protected":false},"excerpt":{"rendered":"<p>EJECUCI\u00d3N PROGRAM\u00c1TICA PDOT SIGAD PLAN DE TRABAJO PRESIDENTE (OFERTA ELECTORAL) PLAN DE TRABAJO PRESIDENTE CUMPLIMIENTO DE EJECUCI\u00d3N PRESUPUESTARIA DESCRIPCI\u00d3N DE RESULTADO POA POR META \/ PROGRAMA O PROYECTO PRESUPUESTO DE LA INSTITUCI\u00d3N cedulagastos2022 adq de maquina retro y volquete cedulagastos2022 asesoria tecnica cedulagastos2022 atencion a personas con discapacidad cedulagastos2022 bacheo asfaltico cedulagastos2022 cementerio 1 etapa [&hellip;]<\/p>\n","protected":false},"author":6,"featured_media":0,"parent":0,"menu_order":0,"comment_status":"closed","ping_status":"closed","template":"","meta":{"footnotes":""},"class_list":["post-1437","page","type-page","status-publish","hentry"],"yoast_head":"<!-- This site is optimized with the Yoast SEO plugin v24.1 - https:\/\/yoast.com\/wordpress\/plugins\/seo\/ -->\n<title>Rendici\u00f3n de Cuentas 2022 - GAD parroquial La Uni\u00f3n<\/title>\n<meta name=\"robots\" content=\"index, follow, max-snippet:-1, max-image-preview:large, max-video-preview:-1\" \/>\n<link rel=\"canonical\" href=\"https:\/\/gobiernoparroquiallaunion.gob.ec\/azuay\/rendicion-de-cuentas-2022\/\" \/>\n<meta property=\"og:locale\" content=\"es_ES\" \/>\n<meta property=\"og:type\" content=\"article\" \/>\n<meta property=\"og:title\" content=\"Rendici\u00f3n de Cuentas 2022 - GAD parroquial La Uni\u00f3n\" \/>\n<meta property=\"og:description\" content=\"EJECUCI\u00d3N PROGRAM\u00c1TICA PDOT SIGAD PLAN DE TRABAJO PRESIDENTE (OFERTA ELECTORAL) PLAN DE TRABAJO PRESIDENTE CUMPLIMIENTO DE EJECUCI\u00d3N PRESUPUESTARIA DESCRIPCI\u00d3N DE RESULTADO POA POR META \/ PROGRAMA O PROYECTO PRESUPUESTO DE LA INSTITUCI\u00d3N cedulagastos2022 adq de maquina retro y volquete cedulagastos2022 asesoria tecnica cedulagastos2022 atencion a personas con discapacidad cedulagastos2022 bacheo asfaltico cedulagastos2022 cementerio 1 etapa [&hellip;]\" \/>\n<meta property=\"og:url\" content=\"https:\/\/gobiernoparroquiallaunion.gob.ec\/azuay\/rendicion-de-cuentas-2022\/\" \/>\n<meta property=\"og:site_name\" content=\"GAD parroquial La Uni\u00f3n\" \/>\n<meta property=\"article:modified_time\" content=\"2023-06-22T21:29:55+00:00\" \/>\n<meta name=\"twitter:card\" content=\"summary_large_image\" \/>\n<meta name=\"twitter:label1\" content=\"Tiempo de lectura\" \/>\n\t<meta name=\"twitter:data1\" content=\"3 minutos\" \/>\n<script type=\"application\/ld+json\" class=\"yoast-schema-graph\">{\"@context\":\"https:\/\/schema.org\",\"@graph\":[{\"@type\":\"WebPage\",\"@id\":\"https:\/\/gobiernoparroquiallaunion.gob.ec\/azuay\/rendicion-de-cuentas-2022\/\",\"url\":\"https:\/\/gobiernoparroquiallaunion.gob.ec\/azuay\/rendicion-de-cuentas-2022\/\",\"name\":\"Rendici\u00f3n de Cuentas 2022 - GAD parroquial La Uni\u00f3n\",\"isPartOf\":{\"@id\":\"https:\/\/gobiernoparroquiallaunion.gob.ec\/azuay\/#website\"},\"datePublished\":\"2022-01-11T13:34:19+00:00\",\"dateModified\":\"2023-06-22T21:29:55+00:00\",\"breadcrumb\":{\"@id\":\"https:\/\/gobiernoparroquiallaunion.gob.ec\/azuay\/rendicion-de-cuentas-2022\/#breadcrumb\"},\"inLanguage\":\"es\",\"potentialAction\":[{\"@type\":\"ReadAction\",\"target\":[\"https:\/\/gobiernoparroquiallaunion.gob.ec\/azuay\/rendicion-de-cuentas-2022\/\"]}]},{\"@type\":\"BreadcrumbList\",\"@id\":\"https:\/\/gobiernoparroquiallaunion.gob.ec\/azuay\/rendicion-de-cuentas-2022\/#breadcrumb\",\"itemListElement\":[{\"@type\":\"ListItem\",\"position\":1,\"name\":\"Portada\",\"item\":\"https:\/\/gobiernoparroquiallaunion.gob.ec\/azuay\/\"},{\"@type\":\"ListItem\",\"position\":2,\"name\":\"Rendici\u00f3n de Cuentas 2022\"}]},{\"@type\":\"WebSite\",\"@id\":\"https:\/\/gobiernoparroquiallaunion.gob.ec\/azuay\/#website\",\"url\":\"https:\/\/gobiernoparroquiallaunion.gob.ec\/azuay\/\",\"name\":\"GAD parroquial La Uni\u00f3n\",\"description\":\"Sitio Oficial del GAD Parroquial La Uni\u00f3n Azuay\",\"publisher\":{\"@id\":\"https:\/\/gobiernoparroquiallaunion.gob.ec\/azuay\/#organization\"},\"potentialAction\":[{\"@type\":\"SearchAction\",\"target\":{\"@type\":\"EntryPoint\",\"urlTemplate\":\"https:\/\/gobiernoparroquiallaunion.gob.ec\/azuay\/?s={search_term_string}\"},\"query-input\":{\"@type\":\"PropertyValueSpecification\",\"valueRequired\":true,\"valueName\":\"search_term_string\"}}],\"inLanguage\":\"es\"},{\"@type\":\"Organization\",\"@id\":\"https:\/\/gobiernoparroquiallaunion.gob.ec\/azuay\/#organization\",\"name\":\"GAD Parroquial La Uni\u00f3n\",\"url\":\"https:\/\/gobiernoparroquiallaunion.gob.ec\/azuay\/\",\"logo\":{\"@type\":\"ImageObject\",\"inLanguage\":\"es\",\"@id\":\"https:\/\/gobiernoparroquiallaunion.gob.ec\/azuay\/#\/schema\/logo\/image\/\",\"url\":\"https:\/\/gobiernoparroquiallaunion.gob.ec\/azuay\/wp-content\/uploads\/2020\/06\/logoFooter-Recuperado.png\",\"contentUrl\":\"https:\/\/gobiernoparroquiallaunion.gob.ec\/azuay\/wp-content\/uploads\/2020\/06\/logoFooter-Recuperado.png\",\"width\":200,\"height\":150,\"caption\":\"GAD Parroquial La Uni\u00f3n\"},\"image\":{\"@id\":\"https:\/\/gobiernoparroquiallaunion.gob.ec\/azuay\/#\/schema\/logo\/image\/\"}}]}<\/script>\n<!-- \/ Yoast SEO plugin. -->","yoast_head_json":{"title":"Rendici\u00f3n de Cuentas 2022 - GAD parroquial La Uni\u00f3n","robots":{"index":"index","follow":"follow","max-snippet":"max-snippet:-1","max-image-preview":"max-image-preview:large","max-video-preview":"max-video-preview:-1"},"canonical":"https:\/\/gobiernoparroquiallaunion.gob.ec\/azuay\/rendicion-de-cuentas-2022\/","og_locale":"es_ES","og_type":"article","og_title":"Rendici\u00f3n de Cuentas 2022 - GAD parroquial La Uni\u00f3n","og_description":"EJECUCI\u00d3N PROGRAM\u00c1TICA PDOT SIGAD PLAN DE TRABAJO PRESIDENTE (OFERTA ELECTORAL) PLAN DE TRABAJO PRESIDENTE CUMPLIMIENTO DE EJECUCI\u00d3N PRESUPUESTARIA DESCRIPCI\u00d3N DE RESULTADO POA POR META \/ PROGRAMA O PROYECTO PRESUPUESTO DE LA INSTITUCI\u00d3N cedulagastos2022 adq de maquina retro y volquete cedulagastos2022 asesoria tecnica cedulagastos2022 atencion a personas con discapacidad cedulagastos2022 bacheo asfaltico cedulagastos2022 cementerio 1 etapa [&hellip;]","og_url":"https:\/\/gobiernoparroquiallaunion.gob.ec\/azuay\/rendicion-de-cuentas-2022\/","og_site_name":"GAD parroquial La Uni\u00f3n","article_modified_time":"2023-06-22T21:29:55+00:00","twitter_card":"summary_large_image","twitter_misc":{"Tiempo de lectura":"3 minutos"},"schema":{"@context":"https:\/\/schema.org","@graph":[{"@type":"WebPage","@id":"https:\/\/gobiernoparroquiallaunion.gob.ec\/azuay\/rendicion-de-cuentas-2022\/","url":"https:\/\/gobiernoparroquiallaunion.gob.ec\/azuay\/rendicion-de-cuentas-2022\/","name":"Rendici\u00f3n de Cuentas 2022 - GAD parroquial La Uni\u00f3n","isPartOf":{"@id":"https:\/\/gobiernoparroquiallaunion.gob.ec\/azuay\/#website"},"datePublished":"2022-01-11T13:34:19+00:00","dateModified":"2023-06-22T21:29:55+00:00","breadcrumb":{"@id":"https:\/\/gobiernoparroquiallaunion.gob.ec\/azuay\/rendicion-de-cuentas-2022\/#breadcrumb"},"inLanguage":"es","potentialAction":[{"@type":"ReadAction","target":["https:\/\/gobiernoparroquiallaunion.gob.ec\/azuay\/rendicion-de-cuentas-2022\/"]}]},{"@type":"BreadcrumbList","@id":"https:\/\/gobiernoparroquiallaunion.gob.ec\/azuay\/rendicion-de-cuentas-2022\/#breadcrumb","itemListElement":[{"@type":"ListItem","position":1,"name":"Portada","item":"https:\/\/gobiernoparroquiallaunion.gob.ec\/azuay\/"},{"@type":"ListItem","position":2,"name":"Rendici\u00f3n de Cuentas 2022"}]},{"@type":"WebSite","@id":"https:\/\/gobiernoparroquiallaunion.gob.ec\/azuay\/#website","url":"https:\/\/gobiernoparroquiallaunion.gob.ec\/azuay\/","name":"GAD parroquial La Uni\u00f3n","description":"Sitio Oficial del GAD Parroquial La Uni\u00f3n Azuay","publisher":{"@id":"https:\/\/gobiernoparroquiallaunion.gob.ec\/azuay\/#organization"},"potentialAction":[{"@type":"SearchAction","target":{"@type":"EntryPoint","urlTemplate":"https:\/\/gobiernoparroquiallaunion.gob.ec\/azuay\/?s={search_term_string}"},"query-input":{"@type":"PropertyValueSpecification","valueRequired":true,"valueName":"search_term_string"}}],"inLanguage":"es"},{"@type":"Organization","@id":"https:\/\/gobiernoparroquiallaunion.gob.ec\/azuay\/#organization","name":"GAD Parroquial La Uni\u00f3n","url":"https:\/\/gobiernoparroquiallaunion.gob.ec\/azuay\/","logo":{"@type":"ImageObject","inLanguage":"es","@id":"https:\/\/gobiernoparroquiallaunion.gob.ec\/azuay\/#\/schema\/logo\/image\/","url":"https:\/\/gobiernoparroquiallaunion.gob.ec\/azuay\/wp-content\/uploads\/2020\/06\/logoFooter-Recuperado.png","contentUrl":"https:\/\/gobiernoparroquiallaunion.gob.ec\/azuay\/wp-content\/uploads\/2020\/06\/logoFooter-Recuperado.png","width":200,"height":150,"caption":"GAD Parroquial La Uni\u00f3n"},"image":{"@id":"https:\/\/gobiernoparroquiallaunion.gob.ec\/azuay\/#\/schema\/logo\/image\/"}}]}},"_links":{"self":[{"href":"https:\/\/gobiernoparroquiallaunion.gob.ec\/azuay\/wp-json\/wp\/v2\/pages\/1437","targetHints":{"allow":["GET"]}}],"collection":[{"href":"https:\/\/gobiernoparroquiallaunion.gob.ec\/azuay\/wp-json\/wp\/v2\/pages"}],"about":[{"href":"https:\/\/gobiernoparroquiallaunion.gob.ec\/azuay\/wp-json\/wp\/v2\/types\/page"}],"author":[{"embeddable":true,"href":"https:\/\/gobiernoparroquiallaunion.gob.ec\/azuay\/wp-json\/wp\/v2\/users\/6"}],"replies":[{"embeddable":true,"href":"https:\/\/gobiernoparroquiallaunion.gob.ec\/azuay\/wp-json\/wp\/v2\/comments?post=1437"}],"version-history":[{"count":17,"href":"https:\/\/gobiernoparroquiallaunion.gob.ec\/azuay\/wp-json\/wp\/v2\/pages\/1437\/revisions"}],"predecessor-version":[{"id":1890,"href":"https:\/\/gobiernoparroquiallaunion.gob.ec\/azuay\/wp-json\/wp\/v2\/pages\/1437\/revisions\/1890"}],"wp:attachment":[{"href":"https:\/\/gobiernoparroquiallaunion.gob.ec\/azuay\/wp-json\/wp\/v2\/media?parent=1437"}],"curies":[{"name":"wp","href":"https:\/\/api.w.org\/{rel}","templated":true}]}}