{"id":21,"date":"2014-10-24T02:10:00","date_gmt":"2014-10-24T02:10:00","guid":{"rendered":"http:\/\/gobiernoparroquiallaunion.gob.ec\/azuay\/?page_id=21"},"modified":"2020-06-02T02:00:41","modified_gmt":"2020-06-02T06:00:41","slug":"ultimas-noticias","status":"publish","type":"page","link":"https:\/\/gobiernoparroquiallaunion.gob.ec\/azuay\/ultimas-noticias\/","title":{"rendered":"Ultimas Noticias"},"content":{"rendered":"\t\t<div data-elementor-type=\"wp-page\" data-elementor-id=\"21\" class=\"elementor elementor-21\" data-elementor-settings=\"[]\">\n\t\t\t<div class=\"elementor-inner\">\n\t\t\t\t<div class=\"elementor-section-wrap\">\n\t\t\t\t\t\t\t<section class=\"elementor-element elementor-element-65972df elementor-section-boxed elementor-section-height-default elementor-section-height-default elementor-section elementor-top-section\" data-id=\"65972df\" data-element_type=\"section\">\n\t\t\t\t\t\t<div class=\"elementor-container elementor-column-gap-default\">\n\t\t\t\t<div class=\"elementor-row\">\n\t\t\t\t<div class=\"elementor-element elementor-element-979acce elementor-column elementor-col-100 elementor-top-column\" data-id=\"979acce\" data-element_type=\"column\">\n\t\t\t<div class=\"elementor-column-wrap  elementor-element-populated\">\n\t\t\t\t\t<div class=\"elementor-widget-wrap\">\n\t\t\t\t<div class=\"elementor-element elementor-element-a3948aa elementor-grid-3 elementor-grid-tablet-2 elementor-grid-mobile-1 elementor-posts--thumbnail-top elementor-card-shadow-yes elementor-posts__hover-gradient elementor-widget elementor-widget-posts\" data-id=\"a3948aa\" data-element_type=\"widget\" data-settings=\"{&quot;cards_columns&quot;:&quot;3&quot;,&quot;cards_columns_tablet&quot;:&quot;2&quot;,&quot;cards_columns_mobile&quot;:&quot;1&quot;,&quot;cards_row_gap&quot;:{&quot;unit&quot;:&quot;px&quot;,&quot;size&quot;:35,&quot;sizes&quot;:[]}}\" data-widget_type=\"posts.cards\">\n\t\t\t\t<div class=\"elementor-widget-container\">\n\t\t\t\t\t<div class=\"elementor-posts-container elementor-posts elementor-posts--skin-cards elementor-grid\">\n\t\t\t\t<article class=\"elementor-post elementor-grid-item post-1433 post type-post status-publish format-standard hentry category-sin-categoria\">\n\t\t\t<div class=\"elementor-post__card\">\n\t\t\t\t<div class=\"elementor-post__text\">\n\t\t\t\t<h3 class=\"elementor-post__title\">\n\t\t\t<a href=\"https:\/\/gobiernoparroquiallaunion.gob.ec\/azuay\/rendicion-de-cuentas-2022\/\" >\n\t\t\t\tRendici\u00f3n de Cuentas 2022\t\t\t<\/a>\n\t\t<\/h3>\n\t\t\t\t<div class=\"elementor-post__excerpt\">\n\t\t\t\t\t<\/div>\n\t\t\t\t\t<a class=\"elementor-post__read-more\" href=\"https:\/\/gobiernoparroquiallaunion.gob.ec\/azuay\/rendicion-de-cuentas-2022\/\" >\n\t\t\t\tleer m\u00e1s \u00bb\t\t\t<\/a>\n\t\t\t\t<\/div>\n\t\t\t\t<div class=\"elementor-post__meta-data\">\n\t\t\t\t\t<span class=\"elementor-post-date\">\n\t\t\t11 enero, 2022\t\t<\/span>\n\t\t\t\t<\/div>\n\t\t\t\t\t<\/div>\n\t\t<\/article>\n\t\t\t\t<article class=\"elementor-post elementor-grid-item post-1431 post type-post status-publish format-standard hentry category-sin-categoria\">\n\t\t\t<div class=\"elementor-post__card\">\n\t\t\t\t<div class=\"elementor-post__text\">\n\t\t\t\t<h3 class=\"elementor-post__title\">\n\t\t\t<a href=\"https:\/\/gobiernoparroquiallaunion.gob.ec\/azuay\/2022-2\/\" >\n\t\t\t\t2022\t\t\t<\/a>\n\t\t<\/h3>\n\t\t\t\t<div class=\"elementor-post__excerpt\">\n\t\t\t[vc_row][vc_column][vc_accordion collapsible=&#8221;&#8221; disable_keyboard=&#8221;&#8221;][vc_accordion_tab title=&#8221;TRANSPARENCIA 2022&#8243;][vc_wp_text][\/vc_wp_text][\/vc_accordion_tab][vc_accordion_tab title=&#8221;Enero&#8221;][vc_wp_text] ENERO A. Estructura org\u00e1nica funcional, base legal que la rige, regulaciones y procedimientos internos aplicables a la entidad; las<\/p>\n\t\t<\/div>\n\t\t\t\t\t<a class=\"elementor-post__read-more\" href=\"https:\/\/gobiernoparroquiallaunion.gob.ec\/azuay\/2022-2\/\" >\n\t\t\t\tleer m\u00e1s \u00bb\t\t\t<\/a>\n\t\t\t\t<\/div>\n\t\t\t\t<div class=\"elementor-post__meta-data\">\n\t\t\t\t\t<span class=\"elementor-post-date\">\n\t\t\t11 enero, 2022\t\t<\/span>\n\t\t\t\t<\/div>\n\t\t\t\t\t<\/div>\n\t\t<\/article>\n\t\t\t\t<article class=\"elementor-post elementor-grid-item post-1247 post type-post status-publish format-standard hentry category-sin-categoria\">\n\t\t\t<div class=\"elementor-post__card\">\n\t\t\t\t<div class=\"elementor-post__text\">\n\t\t\t\t<h3 class=\"elementor-post__title\">\n\t\t\t<a href=\"https:\/\/gobiernoparroquiallaunion.gob.ec\/azuay\/publicaciones-y-propaganda\/\" >\n\t\t\t\tPublicaciones y Propaganda\t\t\t<\/a>\n\t\t<\/h3>\n\t\t\t\t<div class=\"elementor-post__excerpt\">\n\t\t\t<p>Durante el a\u00f1o 2019 se realizan dos contrataciones a la prensa, una por una nota de condolencia y otra para promocionar el Aniversario de Parroquializaci\u00f3n<\/p>\n\t\t<\/div>\n\t\t\t\t\t<a class=\"elementor-post__read-more\" href=\"https:\/\/gobiernoparroquiallaunion.gob.ec\/azuay\/publicaciones-y-propaganda\/\" >\n\t\t\t\tleer m\u00e1s \u00bb\t\t\t<\/a>\n\t\t\t\t<\/div>\n\t\t\t\t<div class=\"elementor-post__meta-data\">\n\t\t\t\t\t<span class=\"elementor-post-date\">\n\t\t\t29 octubre, 2020\t\t<\/span>\n\t\t\t\t<\/div>\n\t\t\t\t\t<\/div>\n\t\t<\/article>\n\t\t\t\t<article class=\"elementor-post elementor-grid-item post-1223 post type-post status-publish format-standard hentry category-sin-categoria\">\n\t\t\t<div class=\"elementor-post__card\">\n\t\t\t\t<div class=\"elementor-post__text\">\n\t\t\t\t<h3 class=\"elementor-post__title\">\n\t\t\t<a href=\"https:\/\/gobiernoparroquiallaunion.gob.ec\/azuay\/gastronomia-2019\/\" >\n\t\t\t\tCapacitaciones en Destrezas &#8220;Gastronom\u00eda La Uni\u00f3n 2019&#8221;\t\t\t<\/a>\n\t\t<\/h3>\n\t\t\t\t<div class=\"elementor-post__excerpt\">\n\t\t\t<p>Capacitaci\u00f3n en destrezas enfocadas a generar emprendimientos en el \u00e1rea culinaria, se brinda capacitaci\u00f3n en Gastronom\u00eda brindando m\u00f3dulos de Panader\u00eda, Pasteler\u00eda, helader\u00eda, Platos t\u00edpicos, Platos<\/p>\n\t\t<\/div>\n\t\t\t\t\t<a class=\"elementor-post__read-more\" href=\"https:\/\/gobiernoparroquiallaunion.gob.ec\/azuay\/gastronomia-2019\/\" >\n\t\t\t\tleer m\u00e1s \u00bb\t\t\t<\/a>\n\t\t\t\t<\/div>\n\t\t\t\t<div class=\"elementor-post__meta-data\">\n\t\t\t\t\t<span class=\"elementor-post-date\">\n\t\t\t10 enero, 2020\t\t<\/span>\n\t\t\t\t<\/div>\n\t\t\t\t\t<\/div>\n\t\t<\/article>\n\t\t\t\t<article class=\"elementor-post elementor-grid-item post-1214 post type-post status-publish format-standard hentry category-sin-categoria\">\n\t\t\t<div class=\"elementor-post__card\">\n\t\t\t\t<div class=\"elementor-post__text\">\n\t\t\t\t<h3 class=\"elementor-post__title\">\n\t\t\t<a href=\"https:\/\/gobiernoparroquiallaunion.gob.ec\/azuay\/fin-2019\/\" >\n\t\t\t\tFin de A\u00f1o La Uni\u00f3n 2019\t\t\t<\/a>\n\t\t<\/h3>\n\t\t\t\t<div class=\"elementor-post__excerpt\">\n\t\t\t<p>Se apoya al Club Ol\u00edmpico de la Parroquia La Uni\u00f3n en la coordinaci\u00f3n y facilitaci\u00f3n de Sonido para el evento del Fin de a\u00f1o de<\/p>\n\t\t<\/div>\n\t\t\t\t\t<a class=\"elementor-post__read-more\" href=\"https:\/\/gobiernoparroquiallaunion.gob.ec\/azuay\/fin-2019\/\" >\n\t\t\t\tleer m\u00e1s \u00bb\t\t\t<\/a>\n\t\t\t\t<\/div>\n\t\t\t\t<div class=\"elementor-post__meta-data\">\n\t\t\t\t\t<span class=\"elementor-post-date\">\n\t\t\t2 enero, 2020\t\t<\/span>\n\t\t\t\t<\/div>\n\t\t\t\t\t<\/div>\n\t\t<\/article>\n\t\t\t\t<article class=\"elementor-post elementor-grid-item post-1192 post type-post status-publish format-standard hentry category-sin-categoria\">\n\t\t\t<div class=\"elementor-post__card\">\n\t\t\t\t<div class=\"elementor-post__text\">\n\t\t\t\t<h3 class=\"elementor-post__title\">\n\t\t\t<a href=\"https:\/\/gobiernoparroquiallaunion.gob.ec\/azuay\/encementado-tullin\/\" >\n\t\t\t\tEncementado de la v\u00eda a Tullin\t\t\t<\/a>\n\t\t<\/h3>\n\t\t\t\t<div class=\"elementor-post__excerpt\">\n\t\t\t<p>Lamentablemente para realizar este proyecto no se cuenta con los dise\u00f1os ni estudios que fueron solicitados al GAD Municipal por esta raz\u00f3n a pesar de<\/p>\n\t\t<\/div>\n\t\t\t\t\t<a class=\"elementor-post__read-more\" href=\"https:\/\/gobiernoparroquiallaunion.gob.ec\/azuay\/encementado-tullin\/\" >\n\t\t\t\tleer m\u00e1s \u00bb\t\t\t<\/a>\n\t\t\t\t<\/div>\n\t\t\t\t<div class=\"elementor-post__meta-data\">\n\t\t\t\t\t<span class=\"elementor-post-date\">\n\t\t\t20 diciembre, 2019\t\t<\/span>\n\t\t\t\t<\/div>\n\t\t\t\t\t<\/div>\n\t\t<\/article>\n\t\t\t\t<\/div>\n\t\t\t\t<\/div>\n\t\t\t\t<\/div>\n\t\t\t\t\t\t<\/div>\n\t\t\t<\/div>\n\t\t<\/div>\n\t\t\t\t\t\t<\/div>\n\t\t\t<\/div>\n\t\t<\/section>\n\t\t\t\t\t\t<\/div>\n\t\t\t<\/div>\n\t\t<\/div>\n\t\t","protected":false},"excerpt":{"rendered":"Lamentablemente para realizar este proyecto no se cuenta con los dise\u00f1os ni estudios que fueron solicitados al GAD Municipal por esta raz\u00f3n a pesar de que el GAD Parroquial cuenta con el presupuesto para realizar esta obra no se puede ejecutar.","protected":false},"author":6,"featured_media":0,"parent":0,"menu_order":0,"comment_status":"closed","ping_status":"open","template":"","meta":{"footnotes":""},"class_list":["post-21","page","type-page","status-publish","hentry"],"yoast_head":"<!-- This site is optimized with the Yoast SEO plugin v24.1 - https:\/\/yoast.com\/wordpress\/plugins\/seo\/ -->\n<title>Ultimas Noticias - GAD parroquial La Uni\u00f3n<\/title>\n<meta name=\"robots\" content=\"index, follow, max-snippet:-1, max-image-preview:large, max-video-preview:-1\" \/>\n<link rel=\"canonical\" href=\"https:\/\/gobiernoparroquiallaunion.gob.ec\/azuay\/ultimas-noticias\/\" \/>\n<meta property=\"og:locale\" content=\"es_ES\" \/>\n<meta property=\"og:type\" content=\"article\" \/>\n<meta property=\"og:title\" content=\"Ultimas Noticias - GAD parroquial La Uni\u00f3n\" \/>\n<meta property=\"og:url\" content=\"https:\/\/gobiernoparroquiallaunion.gob.ec\/azuay\/ultimas-noticias\/\" \/>\n<meta property=\"og:site_name\" content=\"GAD parroquial La Uni\u00f3n\" \/>\n<meta property=\"article:modified_time\" content=\"2020-06-02T06:00:41+00:00\" \/>\n<meta name=\"twitter:card\" content=\"summary_large_image\" \/>\n<script type=\"application\/ld+json\" class=\"yoast-schema-graph\">{\"@context\":\"https:\/\/schema.org\",\"@graph\":[{\"@type\":\"WebPage\",\"@id\":\"https:\/\/gobiernoparroquiallaunion.gob.ec\/azuay\/ultimas-noticias\/\",\"url\":\"https:\/\/gobiernoparroquiallaunion.gob.ec\/azuay\/ultimas-noticias\/\",\"name\":\"Ultimas Noticias - GAD parroquial La Uni\u00f3n\",\"isPartOf\":{\"@id\":\"https:\/\/gobiernoparroquiallaunion.gob.ec\/azuay\/#website\"},\"datePublished\":\"2014-10-24T02:10:00+00:00\",\"dateModified\":\"2020-06-02T06:00:41+00:00\",\"breadcrumb\":{\"@id\":\"https:\/\/gobiernoparroquiallaunion.gob.ec\/azuay\/ultimas-noticias\/#breadcrumb\"},\"inLanguage\":\"es\",\"potentialAction\":[{\"@type\":\"ReadAction\",\"target\":[\"https:\/\/gobiernoparroquiallaunion.gob.ec\/azuay\/ultimas-noticias\/\"]}]},{\"@type\":\"BreadcrumbList\",\"@id\":\"https:\/\/gobiernoparroquiallaunion.gob.ec\/azuay\/ultimas-noticias\/#breadcrumb\",\"itemListElement\":[{\"@type\":\"ListItem\",\"position\":1,\"name\":\"Portada\",\"item\":\"https:\/\/gobiernoparroquiallaunion.gob.ec\/azuay\/\"},{\"@type\":\"ListItem\",\"position\":2,\"name\":\"Ultimas Noticias\"}]},{\"@type\":\"WebSite\",\"@id\":\"https:\/\/gobiernoparroquiallaunion.gob.ec\/azuay\/#website\",\"url\":\"https:\/\/gobiernoparroquiallaunion.gob.ec\/azuay\/\",\"name\":\"GAD parroquial La Uni\u00f3n\",\"description\":\"Sitio Oficial del GAD Parroquial La Uni\u00f3n Azuay\",\"publisher\":{\"@id\":\"https:\/\/gobiernoparroquiallaunion.gob.ec\/azuay\/#organization\"},\"potentialAction\":[{\"@type\":\"SearchAction\",\"target\":{\"@type\":\"EntryPoint\",\"urlTemplate\":\"https:\/\/gobiernoparroquiallaunion.gob.ec\/azuay\/?s={search_term_string}\"},\"query-input\":{\"@type\":\"PropertyValueSpecification\",\"valueRequired\":true,\"valueName\":\"search_term_string\"}}],\"inLanguage\":\"es\"},{\"@type\":\"Organization\",\"@id\":\"https:\/\/gobiernoparroquiallaunion.gob.ec\/azuay\/#organization\",\"name\":\"GAD Parroquial La Uni\u00f3n\",\"url\":\"https:\/\/gobiernoparroquiallaunion.gob.ec\/azuay\/\",\"logo\":{\"@type\":\"ImageObject\",\"inLanguage\":\"es\",\"@id\":\"https:\/\/gobiernoparroquiallaunion.gob.ec\/azuay\/#\/schema\/logo\/image\/\",\"url\":\"https:\/\/gobiernoparroquiallaunion.gob.ec\/azuay\/wp-content\/uploads\/2020\/06\/logoFooter-Recuperado.png\",\"contentUrl\":\"https:\/\/gobiernoparroquiallaunion.gob.ec\/azuay\/wp-content\/uploads\/2020\/06\/logoFooter-Recuperado.png\",\"width\":200,\"height\":150,\"caption\":\"GAD Parroquial La Uni\u00f3n\"},\"image\":{\"@id\":\"https:\/\/gobiernoparroquiallaunion.gob.ec\/azuay\/#\/schema\/logo\/image\/\"}}]}<\/script>\n<!-- \/ Yoast SEO plugin. -->","yoast_head_json":{"title":"Ultimas Noticias - GAD parroquial La Uni\u00f3n","robots":{"index":"index","follow":"follow","max-snippet":"max-snippet:-1","max-image-preview":"max-image-preview:large","max-video-preview":"max-video-preview:-1"},"canonical":"https:\/\/gobiernoparroquiallaunion.gob.ec\/azuay\/ultimas-noticias\/","og_locale":"es_ES","og_type":"article","og_title":"Ultimas Noticias - GAD parroquial La Uni\u00f3n","og_url":"https:\/\/gobiernoparroquiallaunion.gob.ec\/azuay\/ultimas-noticias\/","og_site_name":"GAD parroquial La Uni\u00f3n","article_modified_time":"2020-06-02T06:00:41+00:00","twitter_card":"summary_large_image","schema":{"@context":"https:\/\/schema.org","@graph":[{"@type":"WebPage","@id":"https:\/\/gobiernoparroquiallaunion.gob.ec\/azuay\/ultimas-noticias\/","url":"https:\/\/gobiernoparroquiallaunion.gob.ec\/azuay\/ultimas-noticias\/","name":"Ultimas Noticias - GAD parroquial La Uni\u00f3n","isPartOf":{"@id":"https:\/\/gobiernoparroquiallaunion.gob.ec\/azuay\/#website"},"datePublished":"2014-10-24T02:10:00+00:00","dateModified":"2020-06-02T06:00:41+00:00","breadcrumb":{"@id":"https:\/\/gobiernoparroquiallaunion.gob.ec\/azuay\/ultimas-noticias\/#breadcrumb"},"inLanguage":"es","potentialAction":[{"@type":"ReadAction","target":["https:\/\/gobiernoparroquiallaunion.gob.ec\/azuay\/ultimas-noticias\/"]}]},{"@type":"BreadcrumbList","@id":"https:\/\/gobiernoparroquiallaunion.gob.ec\/azuay\/ultimas-noticias\/#breadcrumb","itemListElement":[{"@type":"ListItem","position":1,"name":"Portada","item":"https:\/\/gobiernoparroquiallaunion.gob.ec\/azuay\/"},{"@type":"ListItem","position":2,"name":"Ultimas Noticias"}]},{"@type":"WebSite","@id":"https:\/\/gobiernoparroquiallaunion.gob.ec\/azuay\/#website","url":"https:\/\/gobiernoparroquiallaunion.gob.ec\/azuay\/","name":"GAD parroquial La Uni\u00f3n","description":"Sitio Oficial del GAD Parroquial La Uni\u00f3n Azuay","publisher":{"@id":"https:\/\/gobiernoparroquiallaunion.gob.ec\/azuay\/#organization"},"potentialAction":[{"@type":"SearchAction","target":{"@type":"EntryPoint","urlTemplate":"https:\/\/gobiernoparroquiallaunion.gob.ec\/azuay\/?s={search_term_string}"},"query-input":{"@type":"PropertyValueSpecification","valueRequired":true,"valueName":"search_term_string"}}],"inLanguage":"es"},{"@type":"Organization","@id":"https:\/\/gobiernoparroquiallaunion.gob.ec\/azuay\/#organization","name":"GAD Parroquial La Uni\u00f3n","url":"https:\/\/gobiernoparroquiallaunion.gob.ec\/azuay\/","logo":{"@type":"ImageObject","inLanguage":"es","@id":"https:\/\/gobiernoparroquiallaunion.gob.ec\/azuay\/#\/schema\/logo\/image\/","url":"https:\/\/gobiernoparroquiallaunion.gob.ec\/azuay\/wp-content\/uploads\/2020\/06\/logoFooter-Recuperado.png","contentUrl":"https:\/\/gobiernoparroquiallaunion.gob.ec\/azuay\/wp-content\/uploads\/2020\/06\/logoFooter-Recuperado.png","width":200,"height":150,"caption":"GAD Parroquial La Uni\u00f3n"},"image":{"@id":"https:\/\/gobiernoparroquiallaunion.gob.ec\/azuay\/#\/schema\/logo\/image\/"}}]}},"_links":{"self":[{"href":"https:\/\/gobiernoparroquiallaunion.gob.ec\/azuay\/wp-json\/wp\/v2\/pages\/21","targetHints":{"allow":["GET"]}}],"collection":[{"href":"https:\/\/gobiernoparroquiallaunion.gob.ec\/azuay\/wp-json\/wp\/v2\/pages"}],"about":[{"href":"https:\/\/gobiernoparroquiallaunion.gob.ec\/azuay\/wp-json\/wp\/v2\/types\/page"}],"author":[{"embeddable":true,"href":"https:\/\/gobiernoparroquiallaunion.gob.ec\/azuay\/wp-json\/wp\/v2\/users\/6"}],"replies":[{"embeddable":true,"href":"https:\/\/gobiernoparroquiallaunion.gob.ec\/azuay\/wp-json\/wp\/v2\/comments?post=21"}],"version-history":[{"count":2,"href":"https:\/\/gobiernoparroquiallaunion.gob.ec\/azuay\/wp-json\/wp\/v2\/pages\/21\/revisions"}],"predecessor-version":[{"id":1151,"href":"https:\/\/gobiernoparroquiallaunion.gob.ec\/azuay\/wp-json\/wp\/v2\/pages\/21\/revisions\/1151"}],"wp:attachment":[{"href":"https:\/\/gobiernoparroquiallaunion.gob.ec\/azuay\/wp-json\/wp\/v2\/media?parent=21"}],"curies":[{"name":"wp","href":"https:\/\/api.w.org\/{rel}","templated":true}]}}