{"id":509,"date":"2016-03-20T16:06:52","date_gmt":"2016-03-20T20:06:52","guid":{"rendered":"http:\/\/gobiernoparroquiallaunion.gob.ec\/azuay\/?page_id=509"},"modified":"2018-03-26T17:57:17","modified_gmt":"2018-03-26T21:57:17","slug":"rendicion-de-cuentas-2016","status":"publish","type":"page","link":"https:\/\/gobiernoparroquiallaunion.gob.ec\/azuay\/rendicion-de-cuentas-2016\/","title":{"rendered":"Rendici\u00f3n de Cuentas 2016"},"content":{"rendered":"<p>Para dar Cumplimiento a la nueva normativa del CPCCS, se siguen los siguientes procesos para la Rendici\u00f3n de Cuentas del A\u00f1o Fiscal 2016:<\/p>\n<p><a href=\"http:\/\/gobiernoparroquiallaunion.gob.ec\/azuay\/?attachment_id=830\" rel=\"attachment wp-att-830\">Entrega Documentaci\u00f3n a miembros CPCCS<\/a><\/p>\n<p><a href=\"http:\/\/gobiernoparroquiallaunion.gob.ec\/azuay\/?attachment_id=825\" rel=\"attachment wp-att-825\">Acta Equipo T\u00e9cnico Mixto<\/a><\/p>\n<p><a href=\"http:\/\/gobiernoparroquiallaunion.gob.ec\/azuay\/?attachment_id=828\" rel=\"attachment wp-att-828\">Convocatoria de los Miembros del CPCCS a los sectores<\/a><\/p>\n<p><a href=\"http:\/\/gobiernoparroquiallaunion.gob.ec\/azuay\/?attachment_id=829\" rel=\"attachment wp-att-829\">Entrega de consultas de la ciudadan\u00eda<\/a><\/p>\n<p><a href=\"http:\/\/gobiernoparroquiallaunion.gob.ec\/azuay\/?attachment_id=827\" rel=\"attachment wp-att-827\">Convocatoria asamblea\u00a0de\u00a0Rendici\u00f3n\u00a0de\u00a0Cuentas<\/a><\/p>\n<p><a href=\"http:\/\/gobiernoparroquiallaunion.gob.ec\/azuay\/?attachment_id=826\" rel=\"attachment wp-att-826\">Asistencia asamblea\u00a0de\u00a0Rendici\u00f3n\u00a0de\u00a0Cuentas<\/a><\/p>\n<p><a href=\"http:\/\/gobiernoparroquiallaunion.gob.ec\/azuay\/?attachment_id=824\" rel=\"attachment wp-att-824\">Acta de Compromisos<\/a><\/p>\n<p><a href=\"http:\/\/gobiernoparroquiallaunion.gob.ec\/azuay\/?attachment_id=831\" rel=\"attachment wp-att-831\">RENDICION DE CUENTAS 2016<\/a><\/p>\n\n\t\t<style type=\"text\/css\">\n\t\t\t#gallery-1 {\n\t\t\t\tmargin: auto;\n\t\t\t}\n\t\t\t#gallery-1 .gallery-item {\n\t\t\t\tfloat: left;\n\t\t\t\tmargin-top: 10px;\n\t\t\t\ttext-align: center;\n\t\t\t\twidth: 25%;\n\t\t\t}\n\t\t\t#gallery-1 img {\n\t\t\t\tborder: 2px solid #cfcfcf;\n\t\t\t}\n\t\t\t#gallery-1 .gallery-caption {\n\t\t\t\tmargin-left: 0;\n\t\t\t}\n\t\t\t\/* see gallery_shortcode() in wp-includes\/media.php *\/\n\t\t<\/style>\n\t\t<div data-carousel-extra='{\"blog_id\":1,\"permalink\":\"https:\\\/\\\/gobiernoparroquiallaunion.gob.ec\\\/azuay\\\/rendicion-de-cuentas-2016\\\/\"}' id='gallery-1' class='gallery galleryid-509 gallery-columns-4 gallery-size-thumbnail'><dl class='gallery-item'>\n\t\t\t<dt class='gallery-icon landscape'>\n\t\t\t\t<a href='https:\/\/gobiernoparroquiallaunion.gob.ec\/azuay\/wp-content\/uploads\/2016\/03\/Asistentes.jpg'><img loading=\"lazy\" decoding=\"async\" data-attachment-id=\"917\" data-orig-file=\"https:\/\/gobiernoparroquiallaunion.gob.ec\/azuay\/wp-content\/uploads\/2016\/03\/Asistentes.jpg\" data-orig-size=\"700,525\" data-comments-opened=\"0\" data-image-meta=\"{&quot;aperture&quot;:&quot;0&quot;,&quot;credit&quot;:&quot;&quot;,&quot;camera&quot;:&quot;&quot;,&quot;caption&quot;:&quot;&quot;,&quot;created_timestamp&quot;:&quot;0&quot;,&quot;copyright&quot;:&quot;&quot;,&quot;focal_length&quot;:&quot;0&quot;,&quot;iso&quot;:&quot;0&quot;,&quot;shutter_speed&quot;:&quot;0&quot;,&quot;title&quot;:&quot;&quot;,&quot;orientation&quot;:&quot;0&quot;,&quot;keywords&quot;:&quot;Array&quot;}\" data-image-title=\"Asistentes\" data-image-description=\"\" data-medium-file=\"https:\/\/gobiernoparroquiallaunion.gob.ec\/azuay\/wp-content\/uploads\/2016\/03\/Asistentes-550x413.jpg\" data-large-file=\"https:\/\/gobiernoparroquiallaunion.gob.ec\/azuay\/wp-content\/uploads\/2016\/03\/Asistentes.jpg\" width=\"150\" height=\"150\" src=\"https:\/\/gobiernoparroquiallaunion.gob.ec\/azuay\/wp-content\/uploads\/2016\/03\/Asistentes-150x150.jpg\" class=\"attachment-thumbnail size-thumbnail\" alt=\"\" srcset=\"https:\/\/gobiernoparroquiallaunion.gob.ec\/azuay\/wp-content\/uploads\/2016\/03\/Asistentes-150x150.jpg 150w, https:\/\/gobiernoparroquiallaunion.gob.ec\/azuay\/wp-content\/uploads\/2016\/03\/Asistentes-180x180.jpg 180w\" sizes=\"auto, (max-width: 150px) 100vw, 150px\" \/><\/a>\n\t\t\t<\/dt><\/dl><dl class='gallery-item'>\n\t\t\t<dt class='gallery-icon landscape'>\n\t\t\t\t<a href='https:\/\/gobiernoparroquiallaunion.gob.ec\/azuay\/wp-content\/uploads\/2016\/03\/Asistentes3.jpg'><img loading=\"lazy\" decoding=\"async\" data-attachment-id=\"918\" data-orig-file=\"https:\/\/gobiernoparroquiallaunion.gob.ec\/azuay\/wp-content\/uploads\/2016\/03\/Asistentes3.jpg\" data-orig-size=\"700,525\" data-comments-opened=\"0\" data-image-meta=\"{&quot;aperture&quot;:&quot;0&quot;,&quot;credit&quot;:&quot;&quot;,&quot;camera&quot;:&quot;&quot;,&quot;caption&quot;:&quot;&quot;,&quot;created_timestamp&quot;:&quot;0&quot;,&quot;copyright&quot;:&quot;&quot;,&quot;focal_length&quot;:&quot;0&quot;,&quot;iso&quot;:&quot;0&quot;,&quot;shutter_speed&quot;:&quot;0&quot;,&quot;title&quot;:&quot;&quot;,&quot;orientation&quot;:&quot;0&quot;,&quot;keywords&quot;:&quot;Array&quot;}\" data-image-title=\"Asistentes3\" data-image-description=\"\" data-medium-file=\"https:\/\/gobiernoparroquiallaunion.gob.ec\/azuay\/wp-content\/uploads\/2016\/03\/Asistentes3-550x413.jpg\" data-large-file=\"https:\/\/gobiernoparroquiallaunion.gob.ec\/azuay\/wp-content\/uploads\/2016\/03\/Asistentes3.jpg\" width=\"150\" height=\"150\" src=\"https:\/\/gobiernoparroquiallaunion.gob.ec\/azuay\/wp-content\/uploads\/2016\/03\/Asistentes3-150x150.jpg\" class=\"attachment-thumbnail size-thumbnail\" alt=\"\" srcset=\"https:\/\/gobiernoparroquiallaunion.gob.ec\/azuay\/wp-content\/uploads\/2016\/03\/Asistentes3-150x150.jpg 150w, https:\/\/gobiernoparroquiallaunion.gob.ec\/azuay\/wp-content\/uploads\/2016\/03\/Asistentes3-180x180.jpg 180w\" sizes=\"auto, (max-width: 150px) 100vw, 150px\" \/><\/a>\n\t\t\t<\/dt><\/dl><dl class='gallery-item'>\n\t\t\t<dt class='gallery-icon landscape'>\n\t\t\t\t<a href='https:\/\/gobiernoparroquiallaunion.gob.ec\/azuay\/wp-content\/uploads\/2016\/03\/Asistentes4.jpg'><img loading=\"lazy\" decoding=\"async\" data-attachment-id=\"919\" data-orig-file=\"https:\/\/gobiernoparroquiallaunion.gob.ec\/azuay\/wp-content\/uploads\/2016\/03\/Asistentes4.jpg\" data-orig-size=\"700,525\" data-comments-opened=\"0\" data-image-meta=\"{&quot;aperture&quot;:&quot;0&quot;,&quot;credit&quot;:&quot;&quot;,&quot;camera&quot;:&quot;&quot;,&quot;caption&quot;:&quot;&quot;,&quot;created_timestamp&quot;:&quot;0&quot;,&quot;copyright&quot;:&quot;&quot;,&quot;focal_length&quot;:&quot;0&quot;,&quot;iso&quot;:&quot;0&quot;,&quot;shutter_speed&quot;:&quot;0&quot;,&quot;title&quot;:&quot;&quot;,&quot;orientation&quot;:&quot;0&quot;,&quot;keywords&quot;:&quot;Array&quot;}\" data-image-title=\"Asistentes4\" data-image-description=\"\" data-medium-file=\"https:\/\/gobiernoparroquiallaunion.gob.ec\/azuay\/wp-content\/uploads\/2016\/03\/Asistentes4-550x413.jpg\" data-large-file=\"https:\/\/gobiernoparroquiallaunion.gob.ec\/azuay\/wp-content\/uploads\/2016\/03\/Asistentes4.jpg\" width=\"150\" height=\"150\" src=\"https:\/\/gobiernoparroquiallaunion.gob.ec\/azuay\/wp-content\/uploads\/2016\/03\/Asistentes4-150x150.jpg\" class=\"attachment-thumbnail size-thumbnail\" alt=\"\" srcset=\"https:\/\/gobiernoparroquiallaunion.gob.ec\/azuay\/wp-content\/uploads\/2016\/03\/Asistentes4-150x150.jpg 150w, https:\/\/gobiernoparroquiallaunion.gob.ec\/azuay\/wp-content\/uploads\/2016\/03\/Asistentes4-180x180.jpg 180w\" sizes=\"auto, (max-width: 150px) 100vw, 150px\" \/><\/a>\n\t\t\t<\/dt><\/dl><dl class='gallery-item'>\n\t\t\t<dt class='gallery-icon landscape'>\n\t\t\t\t<a href='https:\/\/gobiernoparroquiallaunion.gob.ec\/azuay\/wp-content\/uploads\/2016\/03\/Firma-de-Compromisos.jpg'><img loading=\"lazy\" decoding=\"async\" data-attachment-id=\"920\" data-orig-file=\"https:\/\/gobiernoparroquiallaunion.gob.ec\/azuay\/wp-content\/uploads\/2016\/03\/Firma-de-Compromisos.jpg\" data-orig-size=\"700,525\" data-comments-opened=\"0\" data-image-meta=\"{&quot;aperture&quot;:&quot;0&quot;,&quot;credit&quot;:&quot;&quot;,&quot;camera&quot;:&quot;&quot;,&quot;caption&quot;:&quot;&quot;,&quot;created_timestamp&quot;:&quot;0&quot;,&quot;copyright&quot;:&quot;&quot;,&quot;focal_length&quot;:&quot;0&quot;,&quot;iso&quot;:&quot;0&quot;,&quot;shutter_speed&quot;:&quot;0&quot;,&quot;title&quot;:&quot;&quot;,&quot;orientation&quot;:&quot;0&quot;,&quot;keywords&quot;:&quot;Array&quot;}\" data-image-title=\"Firma de Compromisos\" data-image-description=\"\" data-medium-file=\"https:\/\/gobiernoparroquiallaunion.gob.ec\/azuay\/wp-content\/uploads\/2016\/03\/Firma-de-Compromisos-550x413.jpg\" data-large-file=\"https:\/\/gobiernoparroquiallaunion.gob.ec\/azuay\/wp-content\/uploads\/2016\/03\/Firma-de-Compromisos.jpg\" width=\"150\" height=\"150\" src=\"https:\/\/gobiernoparroquiallaunion.gob.ec\/azuay\/wp-content\/uploads\/2016\/03\/Firma-de-Compromisos-150x150.jpg\" class=\"attachment-thumbnail size-thumbnail\" alt=\"\" srcset=\"https:\/\/gobiernoparroquiallaunion.gob.ec\/azuay\/wp-content\/uploads\/2016\/03\/Firma-de-Compromisos-150x150.jpg 150w, https:\/\/gobiernoparroquiallaunion.gob.ec\/azuay\/wp-content\/uploads\/2016\/03\/Firma-de-Compromisos-180x180.jpg 180w\" sizes=\"auto, (max-width: 150px) 100vw, 150px\" \/><\/a>\n\t\t\t<\/dt><\/dl><br style=\"clear: both\" \/><dl class='gallery-item'>\n\t\t\t<dt class='gallery-icon landscape'>\n\t\t\t\t<a href='https:\/\/gobiernoparroquiallaunion.gob.ec\/azuay\/wp-content\/uploads\/2016\/03\/image0007.jpg'><img loading=\"lazy\" decoding=\"async\" data-attachment-id=\"921\" data-orig-file=\"https:\/\/gobiernoparroquiallaunion.gob.ec\/azuay\/wp-content\/uploads\/2016\/03\/image0007.jpg\" data-orig-size=\"700,525\" data-comments-opened=\"0\" data-image-meta=\"{&quot;aperture&quot;:&quot;0&quot;,&quot;credit&quot;:&quot;&quot;,&quot;camera&quot;:&quot;&quot;,&quot;caption&quot;:&quot;&quot;,&quot;created_timestamp&quot;:&quot;0&quot;,&quot;copyright&quot;:&quot;&quot;,&quot;focal_length&quot;:&quot;0&quot;,&quot;iso&quot;:&quot;0&quot;,&quot;shutter_speed&quot;:&quot;0&quot;,&quot;title&quot;:&quot;&quot;,&quot;orientation&quot;:&quot;0&quot;,&quot;keywords&quot;:&quot;Array&quot;}\" data-image-title=\"image0007\" data-image-description=\"\" data-medium-file=\"https:\/\/gobiernoparroquiallaunion.gob.ec\/azuay\/wp-content\/uploads\/2016\/03\/image0007-550x413.jpg\" data-large-file=\"https:\/\/gobiernoparroquiallaunion.gob.ec\/azuay\/wp-content\/uploads\/2016\/03\/image0007.jpg\" width=\"150\" height=\"150\" src=\"https:\/\/gobiernoparroquiallaunion.gob.ec\/azuay\/wp-content\/uploads\/2016\/03\/image0007-150x150.jpg\" class=\"attachment-thumbnail size-thumbnail\" alt=\"\" srcset=\"https:\/\/gobiernoparroquiallaunion.gob.ec\/azuay\/wp-content\/uploads\/2016\/03\/image0007-150x150.jpg 150w, https:\/\/gobiernoparroquiallaunion.gob.ec\/azuay\/wp-content\/uploads\/2016\/03\/image0007-180x180.jpg 180w\" sizes=\"auto, (max-width: 150px) 100vw, 150px\" \/><\/a>\n\t\t\t<\/dt><\/dl><dl class='gallery-item'>\n\t\t\t<dt class='gallery-icon landscape'>\n\t\t\t\t<a href='https:\/\/gobiernoparroquiallaunion.gob.ec\/azuay\/wp-content\/uploads\/2016\/03\/image0008.jpg'><img loading=\"lazy\" decoding=\"async\" data-attachment-id=\"922\" data-orig-file=\"https:\/\/gobiernoparroquiallaunion.gob.ec\/azuay\/wp-content\/uploads\/2016\/03\/image0008.jpg\" data-orig-size=\"700,525\" data-comments-opened=\"0\" data-image-meta=\"{&quot;aperture&quot;:&quot;0&quot;,&quot;credit&quot;:&quot;&quot;,&quot;camera&quot;:&quot;&quot;,&quot;caption&quot;:&quot;&quot;,&quot;created_timestamp&quot;:&quot;0&quot;,&quot;copyright&quot;:&quot;&quot;,&quot;focal_length&quot;:&quot;0&quot;,&quot;iso&quot;:&quot;0&quot;,&quot;shutter_speed&quot;:&quot;0&quot;,&quot;title&quot;:&quot;&quot;,&quot;orientation&quot;:&quot;0&quot;,&quot;keywords&quot;:&quot;Array&quot;}\" data-image-title=\"image0008\" data-image-description=\"\" data-medium-file=\"https:\/\/gobiernoparroquiallaunion.gob.ec\/azuay\/wp-content\/uploads\/2016\/03\/image0008-550x413.jpg\" data-large-file=\"https:\/\/gobiernoparroquiallaunion.gob.ec\/azuay\/wp-content\/uploads\/2016\/03\/image0008.jpg\" width=\"150\" height=\"150\" src=\"https:\/\/gobiernoparroquiallaunion.gob.ec\/azuay\/wp-content\/uploads\/2016\/03\/image0008-150x150.jpg\" class=\"attachment-thumbnail size-thumbnail\" alt=\"\" srcset=\"https:\/\/gobiernoparroquiallaunion.gob.ec\/azuay\/wp-content\/uploads\/2016\/03\/image0008-150x150.jpg 150w, https:\/\/gobiernoparroquiallaunion.gob.ec\/azuay\/wp-content\/uploads\/2016\/03\/image0008-180x180.jpg 180w\" sizes=\"auto, (max-width: 150px) 100vw, 150px\" \/><\/a>\n\t\t\t<\/dt><\/dl><dl class='gallery-item'>\n\t\t\t<dt class='gallery-icon landscape'>\n\t\t\t\t<a href='https:\/\/gobiernoparroquiallaunion.gob.ec\/azuay\/wp-content\/uploads\/2016\/03\/Instalacion-de-la-Asamblea-Parroquial.jpg'><img loading=\"lazy\" decoding=\"async\" data-attachment-id=\"923\" data-orig-file=\"https:\/\/gobiernoparroquiallaunion.gob.ec\/azuay\/wp-content\/uploads\/2016\/03\/Instalacion-de-la-Asamblea-Parroquial.jpg\" data-orig-size=\"700,525\" data-comments-opened=\"0\" data-image-meta=\"{&quot;aperture&quot;:&quot;0&quot;,&quot;credit&quot;:&quot;&quot;,&quot;camera&quot;:&quot;&quot;,&quot;caption&quot;:&quot;&quot;,&quot;created_timestamp&quot;:&quot;0&quot;,&quot;copyright&quot;:&quot;&quot;,&quot;focal_length&quot;:&quot;0&quot;,&quot;iso&quot;:&quot;0&quot;,&quot;shutter_speed&quot;:&quot;0&quot;,&quot;title&quot;:&quot;&quot;,&quot;orientation&quot;:&quot;0&quot;,&quot;keywords&quot;:&quot;Array&quot;}\" data-image-title=\"Instalacion de la Asamblea Parroquial\" data-image-description=\"\" data-medium-file=\"https:\/\/gobiernoparroquiallaunion.gob.ec\/azuay\/wp-content\/uploads\/2016\/03\/Instalacion-de-la-Asamblea-Parroquial-550x413.jpg\" data-large-file=\"https:\/\/gobiernoparroquiallaunion.gob.ec\/azuay\/wp-content\/uploads\/2016\/03\/Instalacion-de-la-Asamblea-Parroquial.jpg\" width=\"150\" height=\"150\" src=\"https:\/\/gobiernoparroquiallaunion.gob.ec\/azuay\/wp-content\/uploads\/2016\/03\/Instalacion-de-la-Asamblea-Parroquial-150x150.jpg\" class=\"attachment-thumbnail size-thumbnail\" alt=\"\" srcset=\"https:\/\/gobiernoparroquiallaunion.gob.ec\/azuay\/wp-content\/uploads\/2016\/03\/Instalacion-de-la-Asamblea-Parroquial-150x150.jpg 150w, https:\/\/gobiernoparroquiallaunion.gob.ec\/azuay\/wp-content\/uploads\/2016\/03\/Instalacion-de-la-Asamblea-Parroquial-180x180.jpg 180w\" sizes=\"auto, (max-width: 150px) 100vw, 150px\" \/><\/a>\n\t\t\t<\/dt><\/dl><dl class='gallery-item'>\n\t\t\t<dt class='gallery-icon landscape'>\n\t\t\t\t<a href='https:\/\/gobiernoparroquiallaunion.gob.ec\/azuay\/wp-content\/uploads\/2016\/03\/Rendicion-Presidente.jpg'><img loading=\"lazy\" decoding=\"async\" data-attachment-id=\"924\" data-orig-file=\"https:\/\/gobiernoparroquiallaunion.gob.ec\/azuay\/wp-content\/uploads\/2016\/03\/Rendicion-Presidente.jpg\" data-orig-size=\"700,525\" data-comments-opened=\"0\" data-image-meta=\"{&quot;aperture&quot;:&quot;0&quot;,&quot;credit&quot;:&quot;&quot;,&quot;camera&quot;:&quot;&quot;,&quot;caption&quot;:&quot;&quot;,&quot;created_timestamp&quot;:&quot;0&quot;,&quot;copyright&quot;:&quot;&quot;,&quot;focal_length&quot;:&quot;0&quot;,&quot;iso&quot;:&quot;0&quot;,&quot;shutter_speed&quot;:&quot;0&quot;,&quot;title&quot;:&quot;&quot;,&quot;orientation&quot;:&quot;0&quot;,&quot;keywords&quot;:&quot;Array&quot;}\" data-image-title=\"Rendicion Presidente\" data-image-description=\"\" data-medium-file=\"https:\/\/gobiernoparroquiallaunion.gob.ec\/azuay\/wp-content\/uploads\/2016\/03\/Rendicion-Presidente-550x413.jpg\" data-large-file=\"https:\/\/gobiernoparroquiallaunion.gob.ec\/azuay\/wp-content\/uploads\/2016\/03\/Rendicion-Presidente.jpg\" width=\"150\" height=\"150\" src=\"https:\/\/gobiernoparroquiallaunion.gob.ec\/azuay\/wp-content\/uploads\/2016\/03\/Rendicion-Presidente-150x150.jpg\" class=\"attachment-thumbnail size-thumbnail\" alt=\"\" srcset=\"https:\/\/gobiernoparroquiallaunion.gob.ec\/azuay\/wp-content\/uploads\/2016\/03\/Rendicion-Presidente-150x150.jpg 150w, https:\/\/gobiernoparroquiallaunion.gob.ec\/azuay\/wp-content\/uploads\/2016\/03\/Rendicion-Presidente-180x180.jpg 180w\" sizes=\"auto, (max-width: 150px) 100vw, 150px\" \/><\/a>\n\t\t\t<\/dt><\/dl><br style=\"clear: both\" \/>\n\t\t<\/div>\n\n","protected":false},"excerpt":{"rendered":"<p>Para dar Cumplimiento a la nueva normativa del CPCCS, se siguen los siguientes procesos para la Rendici\u00f3n de Cuentas del A\u00f1o Fiscal 2016: Entrega Documentaci\u00f3n a miembros CPCCS Acta Equipo T\u00e9cnico Mixto Convocatoria de los Miembros del CPCCS a los sectores Entrega de consultas de la ciudadan\u00eda Convocatoria asamblea\u00a0de\u00a0Rendici\u00f3n\u00a0de\u00a0Cuentas Asistencia asamblea\u00a0de\u00a0Rendici\u00f3n\u00a0de\u00a0Cuentas Acta de Compromisos RENDICION [&hellip;]<\/p>\n","protected":false},"author":6,"featured_media":0,"parent":0,"menu_order":0,"comment_status":"closed","ping_status":"closed","template":"","meta":{"footnotes":""},"class_list":["post-509","page","type-page","status-publish","hentry"],"yoast_head":"<!-- This site is optimized with the Yoast SEO plugin v24.1 - https:\/\/yoast.com\/wordpress\/plugins\/seo\/ -->\n<title>Rendici\u00f3n de Cuentas 2016 - GAD parroquial La Uni\u00f3n<\/title>\n<meta name=\"robots\" content=\"index, follow, max-snippet:-1, max-image-preview:large, max-video-preview:-1\" \/>\n<link rel=\"canonical\" href=\"https:\/\/gobiernoparroquiallaunion.gob.ec\/azuay\/rendicion-de-cuentas-2016\/\" \/>\n<meta property=\"og:locale\" content=\"es_ES\" \/>\n<meta property=\"og:type\" content=\"article\" \/>\n<meta property=\"og:title\" content=\"Rendici\u00f3n de Cuentas 2016 - GAD parroquial La Uni\u00f3n\" \/>\n<meta property=\"og:description\" content=\"Para dar Cumplimiento a la nueva normativa del CPCCS, se siguen los siguientes procesos para la Rendici\u00f3n de Cuentas del A\u00f1o Fiscal 2016: Entrega Documentaci\u00f3n a miembros CPCCS Acta Equipo T\u00e9cnico Mixto Convocatoria de los Miembros del CPCCS a los sectores Entrega de consultas de la ciudadan\u00eda Convocatoria asamblea\u00a0de\u00a0Rendici\u00f3n\u00a0de\u00a0Cuentas Asistencia asamblea\u00a0de\u00a0Rendici\u00f3n\u00a0de\u00a0Cuentas Acta de Compromisos RENDICION [&hellip;]\" \/>\n<meta property=\"og:url\" content=\"https:\/\/gobiernoparroquiallaunion.gob.ec\/azuay\/rendicion-de-cuentas-2016\/\" \/>\n<meta property=\"og:site_name\" content=\"GAD parroquial La Uni\u00f3n\" \/>\n<meta property=\"article:modified_time\" content=\"2018-03-26T21:57:17+00:00\" \/>\n<meta property=\"og:image\" content=\"https:\/\/gobiernoparroquiallaunion.gob.ec\/azuay\/wp-content\/uploads\/2016\/03\/Asistentes-150x150.jpg\" \/>\n<meta name=\"twitter:card\" content=\"summary_large_image\" \/>\n<script type=\"application\/ld+json\" class=\"yoast-schema-graph\">{\"@context\":\"https:\/\/schema.org\",\"@graph\":[{\"@type\":\"WebPage\",\"@id\":\"https:\/\/gobiernoparroquiallaunion.gob.ec\/azuay\/rendicion-de-cuentas-2016\/\",\"url\":\"https:\/\/gobiernoparroquiallaunion.gob.ec\/azuay\/rendicion-de-cuentas-2016\/\",\"name\":\"Rendici\u00f3n de Cuentas 2016 - GAD parroquial La Uni\u00f3n\",\"isPartOf\":{\"@id\":\"https:\/\/gobiernoparroquiallaunion.gob.ec\/azuay\/#website\"},\"datePublished\":\"2016-03-20T20:06:52+00:00\",\"dateModified\":\"2018-03-26T21:57:17+00:00\",\"breadcrumb\":{\"@id\":\"https:\/\/gobiernoparroquiallaunion.gob.ec\/azuay\/rendicion-de-cuentas-2016\/#breadcrumb\"},\"inLanguage\":\"es\",\"potentialAction\":[{\"@type\":\"ReadAction\",\"target\":[\"https:\/\/gobiernoparroquiallaunion.gob.ec\/azuay\/rendicion-de-cuentas-2016\/\"]}]},{\"@type\":\"BreadcrumbList\",\"@id\":\"https:\/\/gobiernoparroquiallaunion.gob.ec\/azuay\/rendicion-de-cuentas-2016\/#breadcrumb\",\"itemListElement\":[{\"@type\":\"ListItem\",\"position\":1,\"name\":\"Portada\",\"item\":\"https:\/\/gobiernoparroquiallaunion.gob.ec\/azuay\/\"},{\"@type\":\"ListItem\",\"position\":2,\"name\":\"Rendici\u00f3n de Cuentas 2016\"}]},{\"@type\":\"WebSite\",\"@id\":\"https:\/\/gobiernoparroquiallaunion.gob.ec\/azuay\/#website\",\"url\":\"https:\/\/gobiernoparroquiallaunion.gob.ec\/azuay\/\",\"name\":\"GAD parroquial La Uni\u00f3n\",\"description\":\"Sitio Oficial del GAD Parroquial La Uni\u00f3n Azuay\",\"publisher\":{\"@id\":\"https:\/\/gobiernoparroquiallaunion.gob.ec\/azuay\/#organization\"},\"potentialAction\":[{\"@type\":\"SearchAction\",\"target\":{\"@type\":\"EntryPoint\",\"urlTemplate\":\"https:\/\/gobiernoparroquiallaunion.gob.ec\/azuay\/?s={search_term_string}\"},\"query-input\":{\"@type\":\"PropertyValueSpecification\",\"valueRequired\":true,\"valueName\":\"search_term_string\"}}],\"inLanguage\":\"es\"},{\"@type\":\"Organization\",\"@id\":\"https:\/\/gobiernoparroquiallaunion.gob.ec\/azuay\/#organization\",\"name\":\"GAD Parroquial La Uni\u00f3n\",\"url\":\"https:\/\/gobiernoparroquiallaunion.gob.ec\/azuay\/\",\"logo\":{\"@type\":\"ImageObject\",\"inLanguage\":\"es\",\"@id\":\"https:\/\/gobiernoparroquiallaunion.gob.ec\/azuay\/#\/schema\/logo\/image\/\",\"url\":\"https:\/\/gobiernoparroquiallaunion.gob.ec\/azuay\/wp-content\/uploads\/2020\/06\/logoFooter-Recuperado.png\",\"contentUrl\":\"https:\/\/gobiernoparroquiallaunion.gob.ec\/azuay\/wp-content\/uploads\/2020\/06\/logoFooter-Recuperado.png\",\"width\":200,\"height\":150,\"caption\":\"GAD Parroquial La Uni\u00f3n\"},\"image\":{\"@id\":\"https:\/\/gobiernoparroquiallaunion.gob.ec\/azuay\/#\/schema\/logo\/image\/\"}}]}<\/script>\n<!-- \/ Yoast SEO plugin. -->","yoast_head_json":{"title":"Rendici\u00f3n de Cuentas 2016 - GAD parroquial La Uni\u00f3n","robots":{"index":"index","follow":"follow","max-snippet":"max-snippet:-1","max-image-preview":"max-image-preview:large","max-video-preview":"max-video-preview:-1"},"canonical":"https:\/\/gobiernoparroquiallaunion.gob.ec\/azuay\/rendicion-de-cuentas-2016\/","og_locale":"es_ES","og_type":"article","og_title":"Rendici\u00f3n de Cuentas 2016 - GAD parroquial La Uni\u00f3n","og_description":"Para dar Cumplimiento a la nueva normativa del CPCCS, se siguen los siguientes procesos para la Rendici\u00f3n de Cuentas del A\u00f1o Fiscal 2016: Entrega Documentaci\u00f3n a miembros CPCCS Acta Equipo T\u00e9cnico Mixto Convocatoria de los Miembros del CPCCS a los sectores Entrega de consultas de la ciudadan\u00eda Convocatoria asamblea\u00a0de\u00a0Rendici\u00f3n\u00a0de\u00a0Cuentas Asistencia asamblea\u00a0de\u00a0Rendici\u00f3n\u00a0de\u00a0Cuentas Acta de Compromisos RENDICION [&hellip;]","og_url":"https:\/\/gobiernoparroquiallaunion.gob.ec\/azuay\/rendicion-de-cuentas-2016\/","og_site_name":"GAD parroquial La Uni\u00f3n","article_modified_time":"2018-03-26T21:57:17+00:00","og_image":[{"url":"https:\/\/gobiernoparroquiallaunion.gob.ec\/azuay\/wp-content\/uploads\/2016\/03\/Asistentes-150x150.jpg","type":"","width":"","height":""}],"twitter_card":"summary_large_image","schema":{"@context":"https:\/\/schema.org","@graph":[{"@type":"WebPage","@id":"https:\/\/gobiernoparroquiallaunion.gob.ec\/azuay\/rendicion-de-cuentas-2016\/","url":"https:\/\/gobiernoparroquiallaunion.gob.ec\/azuay\/rendicion-de-cuentas-2016\/","name":"Rendici\u00f3n de Cuentas 2016 - GAD parroquial La Uni\u00f3n","isPartOf":{"@id":"https:\/\/gobiernoparroquiallaunion.gob.ec\/azuay\/#website"},"datePublished":"2016-03-20T20:06:52+00:00","dateModified":"2018-03-26T21:57:17+00:00","breadcrumb":{"@id":"https:\/\/gobiernoparroquiallaunion.gob.ec\/azuay\/rendicion-de-cuentas-2016\/#breadcrumb"},"inLanguage":"es","potentialAction":[{"@type":"ReadAction","target":["https:\/\/gobiernoparroquiallaunion.gob.ec\/azuay\/rendicion-de-cuentas-2016\/"]}]},{"@type":"BreadcrumbList","@id":"https:\/\/gobiernoparroquiallaunion.gob.ec\/azuay\/rendicion-de-cuentas-2016\/#breadcrumb","itemListElement":[{"@type":"ListItem","position":1,"name":"Portada","item":"https:\/\/gobiernoparroquiallaunion.gob.ec\/azuay\/"},{"@type":"ListItem","position":2,"name":"Rendici\u00f3n de Cuentas 2016"}]},{"@type":"WebSite","@id":"https:\/\/gobiernoparroquiallaunion.gob.ec\/azuay\/#website","url":"https:\/\/gobiernoparroquiallaunion.gob.ec\/azuay\/","name":"GAD parroquial La Uni\u00f3n","description":"Sitio Oficial del GAD Parroquial La Uni\u00f3n Azuay","publisher":{"@id":"https:\/\/gobiernoparroquiallaunion.gob.ec\/azuay\/#organization"},"potentialAction":[{"@type":"SearchAction","target":{"@type":"EntryPoint","urlTemplate":"https:\/\/gobiernoparroquiallaunion.gob.ec\/azuay\/?s={search_term_string}"},"query-input":{"@type":"PropertyValueSpecification","valueRequired":true,"valueName":"search_term_string"}}],"inLanguage":"es"},{"@type":"Organization","@id":"https:\/\/gobiernoparroquiallaunion.gob.ec\/azuay\/#organization","name":"GAD Parroquial La Uni\u00f3n","url":"https:\/\/gobiernoparroquiallaunion.gob.ec\/azuay\/","logo":{"@type":"ImageObject","inLanguage":"es","@id":"https:\/\/gobiernoparroquiallaunion.gob.ec\/azuay\/#\/schema\/logo\/image\/","url":"https:\/\/gobiernoparroquiallaunion.gob.ec\/azuay\/wp-content\/uploads\/2020\/06\/logoFooter-Recuperado.png","contentUrl":"https:\/\/gobiernoparroquiallaunion.gob.ec\/azuay\/wp-content\/uploads\/2020\/06\/logoFooter-Recuperado.png","width":200,"height":150,"caption":"GAD Parroquial La Uni\u00f3n"},"image":{"@id":"https:\/\/gobiernoparroquiallaunion.gob.ec\/azuay\/#\/schema\/logo\/image\/"}}]}},"_links":{"self":[{"href":"https:\/\/gobiernoparroquiallaunion.gob.ec\/azuay\/wp-json\/wp\/v2\/pages\/509","targetHints":{"allow":["GET"]}}],"collection":[{"href":"https:\/\/gobiernoparroquiallaunion.gob.ec\/azuay\/wp-json\/wp\/v2\/pages"}],"about":[{"href":"https:\/\/gobiernoparroquiallaunion.gob.ec\/azuay\/wp-json\/wp\/v2\/types\/page"}],"author":[{"embeddable":true,"href":"https:\/\/gobiernoparroquiallaunion.gob.ec\/azuay\/wp-json\/wp\/v2\/users\/6"}],"replies":[{"embeddable":true,"href":"https:\/\/gobiernoparroquiallaunion.gob.ec\/azuay\/wp-json\/wp\/v2\/comments?post=509"}],"version-history":[{"count":3,"href":"https:\/\/gobiernoparroquiallaunion.gob.ec\/azuay\/wp-json\/wp\/v2\/pages\/509\/revisions"}],"predecessor-version":[{"id":925,"href":"https:\/\/gobiernoparroquiallaunion.gob.ec\/azuay\/wp-json\/wp\/v2\/pages\/509\/revisions\/925"}],"wp:attachment":[{"href":"https:\/\/gobiernoparroquiallaunion.gob.ec\/azuay\/wp-json\/wp\/v2\/media?parent=509"}],"curies":[{"name":"wp","href":"https:\/\/api.w.org\/{rel}","templated":true}]}}